{"id":10885,"date":"2025-07-18T16:29:44","date_gmt":"2025-07-18T14:29:44","guid":{"rendered":"https:\/\/www.poggio.cc\/?post_type=product&#038;p=10885"},"modified":"2025-09-15T18:35:41","modified_gmt":"2025-09-15T16:35:41","slug":"maillot-de-ciclismo-den","status":"publish","type":"product","link":"https:\/\/www.poggio.cc\/es\/producto\/maillot-de-ciclismo-den\/","title":{"rendered":"Maillot de ciclismo DEN"},"content":{"rendered":"<p>DEN Maillot de ciclismo Poggio <\/p>\n<p>Ultraligero y aerodin\u00e1mico, el maillot de ciclismo de manga corta POGGIO Performance combina elegancia y eficiencia, su l\u00ednea pura y sus acabados limpios lo convierten en un cl\u00e1sico esencial.<\/p>\n<p><em><strong>Detalles:<\/strong><\/em><br \/>\nEstilo aerodin\u00e1mico, corte ajustado<br \/>\nMangas ultraligeras y transpirables.<br \/>\n3 bolsillos traseros y un cuarto con cremallera<br \/>\nCremallera premium de YKK<br \/>\nDise\u00f1ado en Francia, hecho en Europa<\/p>\n<p><em><strong>Instrucciones de cuidado:<\/strong><\/em><br \/>\nLavar a m\u00e1quina en fr\u00edo: 30C m\u00e1ximo<br \/>\nNo lavar en seco<br \/>\nNo use m\u00e1quina seca<br \/>\nLavar del rev\u00e9s con la cremallera cerrada<br \/>\nCentrifugar a la menor velocidad posible.<br \/>\nNo planchar<\/p>\n","protected":false},"excerpt":{"rendered":"<p>DEN Maillot de ciclismo Poggio Ultraligero y aerodin\u00e1mico, el maillot de ciclismo de manga corta POGGIO Performance combina elegancia y eficiencia, su l\u00ednea pura y sus acabados limpios lo convierten en un cl\u00e1sico esencial. Detalles: Estilo aerodin\u00e1mico, corte ajustado Mangas ultraligeras y transpirables. 3 bolsillos traseros y un cuarto con cremallera Cremallera premium de YKK [&hellip;]<\/p>\n","protected":false},"featured_media":10903,"comment_status":"open","ping_status":"closed","template":"","meta":{"inline_featured_image":false},"product_cat":[157],"product_tag":[],"class_list":{"0":"post-10885","1":"product","2":"type-product","3":"status-publish","4":"has-post-thumbnail","6":"product_brand-poggio","7":"product_cat-maillots-cortos-es","9":"first","10":"instock","11":"taxable","12":"shipping-taxable","13":"purchasable","14":"product-type-variable"},"yoast_head":"<!-- This site is optimized with the Yoast SEO plugin v27.0 - https:\/\/yoast.com\/product\/yoast-seo-wordpress\/ -->\n<title>Maillot de ciclismo DEN - POGGIO<\/title>\n<meta name=\"robots\" content=\"index, follow, max-snippet:-1, max-image-preview:large, max-video-preview:-1\" \/>\n<link rel=\"canonical\" href=\"https:\/\/www.poggio.cc\/es\/producto\/maillot-de-ciclismo-den\/\" \/>\n<meta property=\"og:locale\" content=\"es_ES\" \/>\n<meta property=\"og:type\" content=\"article\" \/>\n<meta property=\"og:title\" content=\"Maillot de ciclismo DEN - POGGIO\" \/>\n<meta property=\"og:description\" content=\"DEN Maillot de ciclismo Poggio Ultraligero y aerodin\u00e1mico, el maillot de ciclismo de manga corta POGGIO Performance combina elegancia y eficiencia, su l\u00ednea pura y sus acabados limpios lo convierten en un cl\u00e1sico esencial. Detalles: Estilo aerodin\u00e1mico, corte ajustado Mangas ultraligeras y transpirables. 3 bolsillos traseros y un cuarto con cremallera Cremallera premium de YKK [&hellip;]\" \/>\n<meta property=\"og:url\" content=\"https:\/\/www.poggio.cc\/es\/producto\/maillot-de-ciclismo-den\/\" \/>\n<meta property=\"og:site_name\" content=\"POGGIO\" \/>\n<meta property=\"article:modified_time\" content=\"2025-09-15T16:35:41+00:00\" \/>\n<meta property=\"og:image\" content=\"https:\/\/www.poggio.cc\/wp-content\/uploads\/2025\/07\/Poggio-N10-Front.png\" \/>\n\t<meta property=\"og:image:width\" content=\"1920\" \/>\n\t<meta property=\"og:image:height\" content=\"1920\" \/>\n\t<meta property=\"og:image:type\" content=\"image\/png\" \/>\n<meta name=\"twitter:card\" content=\"summary_large_image\" \/>\n<meta name=\"twitter:label1\" content=\"Tiempo de lectura\" \/>\n\t<meta name=\"twitter:data1\" content=\"1 minuto\" \/>\n<script type=\"application\/ld+json\" class=\"yoast-schema-graph\">{\"@context\":\"https:\/\/schema.org\",\"@graph\":[{\"@type\":\"WebPage\",\"@id\":\"https:\/\/www.poggio.cc\/es\/producto\/maillot-de-ciclismo-den\/\",\"url\":\"https:\/\/www.poggio.cc\/es\/producto\/maillot-de-ciclismo-den\/\",\"name\":\"Maillot de ciclismo DEN - POGGIO\",\"isPartOf\":{\"@id\":\"https:\/\/www.poggio.cc\/#website\"},\"primaryImageOfPage\":{\"@id\":\"https:\/\/www.poggio.cc\/es\/producto\/maillot-de-ciclismo-den\/#primaryimage\"},\"image\":{\"@id\":\"https:\/\/www.poggio.cc\/es\/producto\/maillot-de-ciclismo-den\/#primaryimage\"},\"thumbnailUrl\":\"https:\/\/www.poggio.cc\/wp-content\/uploads\/2025\/07\/Poggio-N10-Front.png\",\"datePublished\":\"2025-07-18T14:29:44+00:00\",\"dateModified\":\"2025-09-15T16:35:41+00:00\",\"breadcrumb\":{\"@id\":\"https:\/\/www.poggio.cc\/es\/producto\/maillot-de-ciclismo-den\/#breadcrumb\"},\"inLanguage\":\"es\",\"potentialAction\":[{\"@type\":\"ReadAction\",\"target\":[\"https:\/\/www.poggio.cc\/es\/producto\/maillot-de-ciclismo-den\/\"]}]},{\"@type\":\"ImageObject\",\"inLanguage\":\"es\",\"@id\":\"https:\/\/www.poggio.cc\/es\/producto\/maillot-de-ciclismo-den\/#primaryimage\",\"url\":\"https:\/\/www.poggio.cc\/wp-content\/uploads\/2025\/07\/Poggio-N10-Front.png\",\"contentUrl\":\"https:\/\/www.poggio.cc\/wp-content\/uploads\/2025\/07\/Poggio-N10-Front.png\",\"width\":1920,\"height\":1920},{\"@type\":\"BreadcrumbList\",\"@id\":\"https:\/\/www.poggio.cc\/es\/producto\/maillot-de-ciclismo-den\/#breadcrumb\",\"itemListElement\":[{\"@type\":\"ListItem\",\"position\":1,\"name\":\"Home\",\"item\":\"https:\/\/www.poggio.cc\/es\/\"},{\"@type\":\"ListItem\",\"position\":2,\"name\":\"Tienda\",\"item\":\"https:\/\/www.poggio.cc\/es\/tienda\/\"},{\"@type\":\"ListItem\",\"position\":3,\"name\":\"Maillot de ciclismo DEN\"}]},{\"@type\":\"WebSite\",\"@id\":\"https:\/\/www.poggio.cc\/#website\",\"url\":\"https:\/\/www.poggio.cc\/\",\"name\":\"POGGIO\",\"description\":\"Premium Cycling Clothing\",\"publisher\":{\"@id\":\"https:\/\/www.poggio.cc\/#organization\"},\"potentialAction\":[{\"@type\":\"SearchAction\",\"target\":{\"@type\":\"EntryPoint\",\"urlTemplate\":\"https:\/\/www.poggio.cc\/?s={search_term_string}\"},\"query-input\":{\"@type\":\"PropertyValueSpecification\",\"valueRequired\":true,\"valueName\":\"search_term_string\"}}],\"inLanguage\":\"es\"},{\"@type\":\"Organization\",\"@id\":\"https:\/\/www.poggio.cc\/#organization\",\"name\":\"POGGIO\",\"url\":\"https:\/\/www.poggio.cc\/\",\"logo\":{\"@type\":\"ImageObject\",\"inLanguage\":\"es\",\"@id\":\"https:\/\/www.poggio.cc\/#\/schema\/logo\/image\/\",\"url\":\"https:\/\/www.poggio.cc\/wp-content\/uploads\/2021\/12\/POGGIO-LOGO.svg\",\"contentUrl\":\"https:\/\/www.poggio.cc\/wp-content\/uploads\/2021\/12\/POGGIO-LOGO.svg\",\"width\":561,\"height\":115,\"caption\":\"POGGIO\"},\"image\":{\"@id\":\"https:\/\/www.poggio.cc\/#\/schema\/logo\/image\/\"}}]}<\/script>\n<!-- \/ Yoast SEO plugin. -->","yoast_head_json":{"title":"Maillot de ciclismo DEN - POGGIO","robots":{"index":"index","follow":"follow","max-snippet":"max-snippet:-1","max-image-preview":"max-image-preview:large","max-video-preview":"max-video-preview:-1"},"canonical":"https:\/\/www.poggio.cc\/es\/producto\/maillot-de-ciclismo-den\/","og_locale":"es_ES","og_type":"article","og_title":"Maillot de ciclismo DEN - POGGIO","og_description":"DEN Maillot de ciclismo Poggio Ultraligero y aerodin\u00e1mico, el maillot de ciclismo de manga corta POGGIO Performance combina elegancia y eficiencia, su l\u00ednea pura y sus acabados limpios lo convierten en un cl\u00e1sico esencial. Detalles: Estilo aerodin\u00e1mico, corte ajustado Mangas ultraligeras y transpirables. 3 bolsillos traseros y un cuarto con cremallera Cremallera premium de YKK [&hellip;]","og_url":"https:\/\/www.poggio.cc\/es\/producto\/maillot-de-ciclismo-den\/","og_site_name":"POGGIO","article_modified_time":"2025-09-15T16:35:41+00:00","og_image":[{"width":1920,"height":1920,"url":"https:\/\/www.poggio.cc\/wp-content\/uploads\/2025\/07\/Poggio-N10-Front.png","type":"image\/png"}],"twitter_card":"summary_large_image","twitter_misc":{"Tiempo de lectura":"1 minuto"},"schema":{"@context":"https:\/\/schema.org","@graph":[{"@type":"WebPage","@id":"https:\/\/www.poggio.cc\/es\/producto\/maillot-de-ciclismo-den\/","url":"https:\/\/www.poggio.cc\/es\/producto\/maillot-de-ciclismo-den\/","name":"Maillot de ciclismo DEN - POGGIO","isPartOf":{"@id":"https:\/\/www.poggio.cc\/#website"},"primaryImageOfPage":{"@id":"https:\/\/www.poggio.cc\/es\/producto\/maillot-de-ciclismo-den\/#primaryimage"},"image":{"@id":"https:\/\/www.poggio.cc\/es\/producto\/maillot-de-ciclismo-den\/#primaryimage"},"thumbnailUrl":"https:\/\/www.poggio.cc\/wp-content\/uploads\/2025\/07\/Poggio-N10-Front.png","datePublished":"2025-07-18T14:29:44+00:00","dateModified":"2025-09-15T16:35:41+00:00","breadcrumb":{"@id":"https:\/\/www.poggio.cc\/es\/producto\/maillot-de-ciclismo-den\/#breadcrumb"},"inLanguage":"es","potentialAction":[{"@type":"ReadAction","target":["https:\/\/www.poggio.cc\/es\/producto\/maillot-de-ciclismo-den\/"]}]},{"@type":"ImageObject","inLanguage":"es","@id":"https:\/\/www.poggio.cc\/es\/producto\/maillot-de-ciclismo-den\/#primaryimage","url":"https:\/\/www.poggio.cc\/wp-content\/uploads\/2025\/07\/Poggio-N10-Front.png","contentUrl":"https:\/\/www.poggio.cc\/wp-content\/uploads\/2025\/07\/Poggio-N10-Front.png","width":1920,"height":1920},{"@type":"BreadcrumbList","@id":"https:\/\/www.poggio.cc\/es\/producto\/maillot-de-ciclismo-den\/#breadcrumb","itemListElement":[{"@type":"ListItem","position":1,"name":"Home","item":"https:\/\/www.poggio.cc\/es\/"},{"@type":"ListItem","position":2,"name":"Tienda","item":"https:\/\/www.poggio.cc\/es\/tienda\/"},{"@type":"ListItem","position":3,"name":"Maillot de ciclismo DEN"}]},{"@type":"WebSite","@id":"https:\/\/www.poggio.cc\/#website","url":"https:\/\/www.poggio.cc\/","name":"POGGIO","description":"Premium Cycling Clothing","publisher":{"@id":"https:\/\/www.poggio.cc\/#organization"},"potentialAction":[{"@type":"SearchAction","target":{"@type":"EntryPoint","urlTemplate":"https:\/\/www.poggio.cc\/?s={search_term_string}"},"query-input":{"@type":"PropertyValueSpecification","valueRequired":true,"valueName":"search_term_string"}}],"inLanguage":"es"},{"@type":"Organization","@id":"https:\/\/www.poggio.cc\/#organization","name":"POGGIO","url":"https:\/\/www.poggio.cc\/","logo":{"@type":"ImageObject","inLanguage":"es","@id":"https:\/\/www.poggio.cc\/#\/schema\/logo\/image\/","url":"https:\/\/www.poggio.cc\/wp-content\/uploads\/2021\/12\/POGGIO-LOGO.svg","contentUrl":"https:\/\/www.poggio.cc\/wp-content\/uploads\/2021\/12\/POGGIO-LOGO.svg","width":561,"height":115,"caption":"POGGIO"},"image":{"@id":"https:\/\/www.poggio.cc\/#\/schema\/logo\/image\/"}}]}},"jetpack_sharing_enabled":true,"_links":{"self":[{"href":"https:\/\/www.poggio.cc\/es\/wp-json\/wp\/v2\/product\/10885","targetHints":{"allow":["GET"]}}],"collection":[{"href":"https:\/\/www.poggio.cc\/es\/wp-json\/wp\/v2\/product"}],"about":[{"href":"https:\/\/www.poggio.cc\/es\/wp-json\/wp\/v2\/types\/product"}],"replies":[{"embeddable":true,"href":"https:\/\/www.poggio.cc\/es\/wp-json\/wp\/v2\/comments?post=10885"}],"wp:featuredmedia":[{"embeddable":true,"href":"https:\/\/www.poggio.cc\/es\/wp-json\/wp\/v2\/media\/10903"}],"wp:attachment":[{"href":"https:\/\/www.poggio.cc\/es\/wp-json\/wp\/v2\/media?parent=10885"}],"wp:term":[{"taxonomy":"product_cat","embeddable":true,"href":"https:\/\/www.poggio.cc\/es\/wp-json\/wp\/v2\/product_cat?post=10885"},{"taxonomy":"product_tag","embeddable":true,"href":"https:\/\/www.poggio.cc\/es\/wp-json\/wp\/v2\/product_tag?post=10885"}],"curies":[{"name":"wp","href":"https:\/\/api.w.org\/{rel}","templated":true}]}}