{"id":13464,"date":"2025-10-06T16:29:23","date_gmt":"2025-10-06T14:29:23","guid":{"rendered":"https:\/\/www.poggio.cc\/?post_type=product&#038;p=13464"},"modified":"2025-10-06T20:13:45","modified_gmt":"2025-10-06T18:13:45","slug":"culotte-largo-fast-3-0-de-poggio","status":"publish","type":"product","link":"https:\/\/www.poggio.cc\/es\/producto\/culotte-largo-fast-3-0-de-poggio\/","title":{"rendered":"Culotte Largo Fast 3.0"},"content":{"rendered":"<p style=\"font-weight: 400;\">El culotte t\u00e9rmico con tirantes FAST 3.0 ofrece una regulaci\u00f3n t\u00e9rmica \u00f3ptima y comodidad para tus salidas invernales. Fabricado en forro polar italiano, el nuevo culotte t\u00e9rmico con tirantes POGGIO est\u00e1 cuidadosamente elaborado con una composici\u00f3n equilibrada de PA-EA para una regulaci\u00f3n t\u00e9rmica \u00f3ptima y una comodidad excepcional.<\/p>\n<p style=\"font-weight: 400;\">Ultraligero y aerodin\u00e1mico, este culotte combina elegancia y eficacia. Sus l\u00edneas limpias y acabados meticulosos lo convierten en un cl\u00e1sico imprescindible de alta calidad para el invierno.<\/p>\n<p><em><strong>Detalles:<\/strong><\/em><br \/>\nDise\u00f1o muy elegante y premium.<br \/>\nAlmohadilla de interfaz el\u00e1stica de primera clase<br \/>\nRendimiento y confort garantizados<br \/>\nCortes l\u00e1ser para un acabado impecable<br \/>\nTirantes muy el\u00e1sticos con abertura central para mayor transpirabilidad<br \/>\nDise\u00f1ado en Francia, hecho en Europa<\/p>\n<p><em><strong>Instrucciones de cuidado:<\/strong><\/em><br \/>\nLavar a m\u00e1quina en fr\u00edo: 30C m\u00e1ximo<br \/>\nLavar del rev\u00e9s con las cremalleras cerradas<br \/>\nCentrifugar a la menor velocidad posible<br \/>\nNo lavar en seco<br \/>\nNo use m\u00e1quina seca<br \/>\nNo planchar<\/p>\n<p><img fetchpriority=\"high\" decoding=\"async\" class=\"alignnone  wp-image-13499\" src=\"https:\/\/www.poggio.cc\/wp-content\/uploads\/2025\/10\/WINTER-BIB-SIZE-CHART-300x146.jpg\" alt=\"\" width=\"923\" height=\"449\" srcset=\"https:\/\/www.poggio.cc\/wp-content\/uploads\/2025\/10\/WINTER-BIB-SIZE-CHART-300x146.jpg 300w, https:\/\/www.poggio.cc\/wp-content\/uploads\/2025\/10\/WINTER-BIB-SIZE-CHART-1024x498.jpg 1024w, https:\/\/www.poggio.cc\/wp-content\/uploads\/2025\/10\/WINTER-BIB-SIZE-CHART-768x373.jpg 768w, https:\/\/www.poggio.cc\/wp-content\/uploads\/2025\/10\/WINTER-BIB-SIZE-CHART-1536x747.jpg 1536w, https:\/\/www.poggio.cc\/wp-content\/uploads\/2025\/10\/WINTER-BIB-SIZE-CHART-630x306.jpg 630w, https:\/\/www.poggio.cc\/wp-content\/uploads\/2025\/10\/WINTER-BIB-SIZE-CHART-800x389.jpg 800w, https:\/\/www.poggio.cc\/wp-content\/uploads\/2025\/10\/WINTER-BIB-SIZE-CHART.jpg 1942w\" sizes=\"(max-width: 923px) 100vw, 923px\" \/><\/p>\n","protected":false},"excerpt":{"rendered":"<p>El culotte t\u00e9rmico con tirantes FAST 3.0 ofrece una regulaci\u00f3n t\u00e9rmica \u00f3ptima y comodidad para tus salidas invernales. Fabricado en forro polar italiano, el nuevo culotte t\u00e9rmico con tirantes POGGIO est\u00e1 cuidadosamente elaborado con una composici\u00f3n equilibrada de PA-EA para una regulaci\u00f3n t\u00e9rmica \u00f3ptima y una comodidad excepcional. Ultraligero y aerodin\u00e1mico, este culotte combina elegancia [&hellip;]<\/p>\n","protected":false},"featured_media":13473,"comment_status":"open","ping_status":"closed","template":"","meta":{"inline_featured_image":false},"product_cat":[155],"product_tag":[],"class_list":{"0":"post-13464","1":"product","2":"type-product","3":"status-publish","4":"has-post-thumbnail","6":"product_cat-culottes-cortos","8":"first","9":"instock","10":"taxable","11":"shipping-taxable","12":"purchasable","13":"product-type-variable"},"yoast_head":"<!-- This site is optimized with the Yoast SEO plugin v27.0 - https:\/\/yoast.com\/product\/yoast-seo-wordpress\/ -->\n<title>Culotte Largo Fast 3.0 - POGGIO<\/title>\n<meta name=\"robots\" content=\"index, follow, max-snippet:-1, max-image-preview:large, max-video-preview:-1\" \/>\n<link rel=\"canonical\" href=\"https:\/\/www.poggio.cc\/es\/producto\/culotte-largo-fast-3-0-de-poggio\/\" \/>\n<meta property=\"og:locale\" content=\"es_ES\" \/>\n<meta property=\"og:type\" content=\"article\" \/>\n<meta property=\"og:title\" content=\"Culotte Largo Fast 3.0 - POGGIO\" \/>\n<meta property=\"og:description\" content=\"El culotte t\u00e9rmico con tirantes FAST 3.0 ofrece una regulaci\u00f3n t\u00e9rmica \u00f3ptima y comodidad para tus salidas invernales. Fabricado en forro polar italiano, el nuevo culotte t\u00e9rmico con tirantes POGGIO est\u00e1 cuidadosamente elaborado con una composici\u00f3n equilibrada de PA-EA para una regulaci\u00f3n t\u00e9rmica \u00f3ptima y una comodidad excepcional. Ultraligero y aerodin\u00e1mico, este culotte combina elegancia [&hellip;]\" \/>\n<meta property=\"og:url\" content=\"https:\/\/www.poggio.cc\/es\/producto\/culotte-largo-fast-3-0-de-poggio\/\" \/>\n<meta property=\"og:site_name\" content=\"POGGIO\" \/>\n<meta property=\"article:modified_time\" content=\"2025-10-06T18:13:45+00:00\" \/>\n<meta property=\"og:image\" content=\"https:\/\/www.poggio.cc\/wp-content\/uploads\/2025\/10\/poggio-winter-bib1.jpg\" \/>\n\t<meta property=\"og:image:width\" content=\"2000\" \/>\n\t<meta property=\"og:image:height\" content=\"2000\" \/>\n\t<meta property=\"og:image:type\" content=\"image\/jpeg\" \/>\n<meta name=\"twitter:card\" content=\"summary_large_image\" \/>\n<meta name=\"twitter:label1\" content=\"Tiempo de lectura\" \/>\n\t<meta name=\"twitter:data1\" content=\"2 minutos\" \/>\n<script type=\"application\/ld+json\" class=\"yoast-schema-graph\">{\"@context\":\"https:\/\/schema.org\",\"@graph\":[{\"@type\":\"WebPage\",\"@id\":\"https:\/\/www.poggio.cc\/es\/producto\/culotte-largo-fast-3-0-de-poggio\/\",\"url\":\"https:\/\/www.poggio.cc\/es\/producto\/culotte-largo-fast-3-0-de-poggio\/\",\"name\":\"Culotte Largo Fast 3.0 - POGGIO\",\"isPartOf\":{\"@id\":\"https:\/\/www.poggio.cc\/#website\"},\"primaryImageOfPage\":{\"@id\":\"https:\/\/www.poggio.cc\/es\/producto\/culotte-largo-fast-3-0-de-poggio\/#primaryimage\"},\"image\":{\"@id\":\"https:\/\/www.poggio.cc\/es\/producto\/culotte-largo-fast-3-0-de-poggio\/#primaryimage\"},\"thumbnailUrl\":\"https:\/\/www.poggio.cc\/wp-content\/uploads\/2025\/10\/poggio-winter-bib1.jpg\",\"datePublished\":\"2025-10-06T14:29:23+00:00\",\"dateModified\":\"2025-10-06T18:13:45+00:00\",\"breadcrumb\":{\"@id\":\"https:\/\/www.poggio.cc\/es\/producto\/culotte-largo-fast-3-0-de-poggio\/#breadcrumb\"},\"inLanguage\":\"es\",\"potentialAction\":[{\"@type\":\"ReadAction\",\"target\":[\"https:\/\/www.poggio.cc\/es\/producto\/culotte-largo-fast-3-0-de-poggio\/\"]}]},{\"@type\":\"ImageObject\",\"inLanguage\":\"es\",\"@id\":\"https:\/\/www.poggio.cc\/es\/producto\/culotte-largo-fast-3-0-de-poggio\/#primaryimage\",\"url\":\"https:\/\/www.poggio.cc\/wp-content\/uploads\/2025\/10\/poggio-winter-bib1.jpg\",\"contentUrl\":\"https:\/\/www.poggio.cc\/wp-content\/uploads\/2025\/10\/poggio-winter-bib1.jpg\",\"width\":2000,\"height\":2000},{\"@type\":\"BreadcrumbList\",\"@id\":\"https:\/\/www.poggio.cc\/es\/producto\/culotte-largo-fast-3-0-de-poggio\/#breadcrumb\",\"itemListElement\":[{\"@type\":\"ListItem\",\"position\":1,\"name\":\"Home\",\"item\":\"https:\/\/www.poggio.cc\/es\/\"},{\"@type\":\"ListItem\",\"position\":2,\"name\":\"Tienda\",\"item\":\"https:\/\/www.poggio.cc\/es\/tienda\/\"},{\"@type\":\"ListItem\",\"position\":3,\"name\":\"Culotte Largo Fast 3.0\"}]},{\"@type\":\"WebSite\",\"@id\":\"https:\/\/www.poggio.cc\/#website\",\"url\":\"https:\/\/www.poggio.cc\/\",\"name\":\"POGGIO\",\"description\":\"Premium Cycling Clothing\",\"publisher\":{\"@id\":\"https:\/\/www.poggio.cc\/#organization\"},\"potentialAction\":[{\"@type\":\"SearchAction\",\"target\":{\"@type\":\"EntryPoint\",\"urlTemplate\":\"https:\/\/www.poggio.cc\/?s={search_term_string}\"},\"query-input\":{\"@type\":\"PropertyValueSpecification\",\"valueRequired\":true,\"valueName\":\"search_term_string\"}}],\"inLanguage\":\"es\"},{\"@type\":\"Organization\",\"@id\":\"https:\/\/www.poggio.cc\/#organization\",\"name\":\"POGGIO\",\"url\":\"https:\/\/www.poggio.cc\/\",\"logo\":{\"@type\":\"ImageObject\",\"inLanguage\":\"es\",\"@id\":\"https:\/\/www.poggio.cc\/#\/schema\/logo\/image\/\",\"url\":\"https:\/\/www.poggio.cc\/wp-content\/uploads\/2021\/12\/POGGIO-LOGO.svg\",\"contentUrl\":\"https:\/\/www.poggio.cc\/wp-content\/uploads\/2021\/12\/POGGIO-LOGO.svg\",\"width\":561,\"height\":115,\"caption\":\"POGGIO\"},\"image\":{\"@id\":\"https:\/\/www.poggio.cc\/#\/schema\/logo\/image\/\"}}]}<\/script>\n<!-- \/ Yoast SEO plugin. -->","yoast_head_json":{"title":"Culotte Largo Fast 3.0 - POGGIO","robots":{"index":"index","follow":"follow","max-snippet":"max-snippet:-1","max-image-preview":"max-image-preview:large","max-video-preview":"max-video-preview:-1"},"canonical":"https:\/\/www.poggio.cc\/es\/producto\/culotte-largo-fast-3-0-de-poggio\/","og_locale":"es_ES","og_type":"article","og_title":"Culotte Largo Fast 3.0 - POGGIO","og_description":"El culotte t\u00e9rmico con tirantes FAST 3.0 ofrece una regulaci\u00f3n t\u00e9rmica \u00f3ptima y comodidad para tus salidas invernales. Fabricado en forro polar italiano, el nuevo culotte t\u00e9rmico con tirantes POGGIO est\u00e1 cuidadosamente elaborado con una composici\u00f3n equilibrada de PA-EA para una regulaci\u00f3n t\u00e9rmica \u00f3ptima y una comodidad excepcional. Ultraligero y aerodin\u00e1mico, este culotte combina elegancia [&hellip;]","og_url":"https:\/\/www.poggio.cc\/es\/producto\/culotte-largo-fast-3-0-de-poggio\/","og_site_name":"POGGIO","article_modified_time":"2025-10-06T18:13:45+00:00","og_image":[{"width":2000,"height":2000,"url":"https:\/\/www.poggio.cc\/wp-content\/uploads\/2025\/10\/poggio-winter-bib1.jpg","type":"image\/jpeg"}],"twitter_card":"summary_large_image","twitter_misc":{"Tiempo de lectura":"2 minutos"},"schema":{"@context":"https:\/\/schema.org","@graph":[{"@type":"WebPage","@id":"https:\/\/www.poggio.cc\/es\/producto\/culotte-largo-fast-3-0-de-poggio\/","url":"https:\/\/www.poggio.cc\/es\/producto\/culotte-largo-fast-3-0-de-poggio\/","name":"Culotte Largo Fast 3.0 - POGGIO","isPartOf":{"@id":"https:\/\/www.poggio.cc\/#website"},"primaryImageOfPage":{"@id":"https:\/\/www.poggio.cc\/es\/producto\/culotte-largo-fast-3-0-de-poggio\/#primaryimage"},"image":{"@id":"https:\/\/www.poggio.cc\/es\/producto\/culotte-largo-fast-3-0-de-poggio\/#primaryimage"},"thumbnailUrl":"https:\/\/www.poggio.cc\/wp-content\/uploads\/2025\/10\/poggio-winter-bib1.jpg","datePublished":"2025-10-06T14:29:23+00:00","dateModified":"2025-10-06T18:13:45+00:00","breadcrumb":{"@id":"https:\/\/www.poggio.cc\/es\/producto\/culotte-largo-fast-3-0-de-poggio\/#breadcrumb"},"inLanguage":"es","potentialAction":[{"@type":"ReadAction","target":["https:\/\/www.poggio.cc\/es\/producto\/culotte-largo-fast-3-0-de-poggio\/"]}]},{"@type":"ImageObject","inLanguage":"es","@id":"https:\/\/www.poggio.cc\/es\/producto\/culotte-largo-fast-3-0-de-poggio\/#primaryimage","url":"https:\/\/www.poggio.cc\/wp-content\/uploads\/2025\/10\/poggio-winter-bib1.jpg","contentUrl":"https:\/\/www.poggio.cc\/wp-content\/uploads\/2025\/10\/poggio-winter-bib1.jpg","width":2000,"height":2000},{"@type":"BreadcrumbList","@id":"https:\/\/www.poggio.cc\/es\/producto\/culotte-largo-fast-3-0-de-poggio\/#breadcrumb","itemListElement":[{"@type":"ListItem","position":1,"name":"Home","item":"https:\/\/www.poggio.cc\/es\/"},{"@type":"ListItem","position":2,"name":"Tienda","item":"https:\/\/www.poggio.cc\/es\/tienda\/"},{"@type":"ListItem","position":3,"name":"Culotte Largo Fast 3.0"}]},{"@type":"WebSite","@id":"https:\/\/www.poggio.cc\/#website","url":"https:\/\/www.poggio.cc\/","name":"POGGIO","description":"Premium Cycling Clothing","publisher":{"@id":"https:\/\/www.poggio.cc\/#organization"},"potentialAction":[{"@type":"SearchAction","target":{"@type":"EntryPoint","urlTemplate":"https:\/\/www.poggio.cc\/?s={search_term_string}"},"query-input":{"@type":"PropertyValueSpecification","valueRequired":true,"valueName":"search_term_string"}}],"inLanguage":"es"},{"@type":"Organization","@id":"https:\/\/www.poggio.cc\/#organization","name":"POGGIO","url":"https:\/\/www.poggio.cc\/","logo":{"@type":"ImageObject","inLanguage":"es","@id":"https:\/\/www.poggio.cc\/#\/schema\/logo\/image\/","url":"https:\/\/www.poggio.cc\/wp-content\/uploads\/2021\/12\/POGGIO-LOGO.svg","contentUrl":"https:\/\/www.poggio.cc\/wp-content\/uploads\/2021\/12\/POGGIO-LOGO.svg","width":561,"height":115,"caption":"POGGIO"},"image":{"@id":"https:\/\/www.poggio.cc\/#\/schema\/logo\/image\/"}}]}},"jetpack_sharing_enabled":true,"_links":{"self":[{"href":"https:\/\/www.poggio.cc\/es\/wp-json\/wp\/v2\/product\/13464","targetHints":{"allow":["GET"]}}],"collection":[{"href":"https:\/\/www.poggio.cc\/es\/wp-json\/wp\/v2\/product"}],"about":[{"href":"https:\/\/www.poggio.cc\/es\/wp-json\/wp\/v2\/types\/product"}],"replies":[{"embeddable":true,"href":"https:\/\/www.poggio.cc\/es\/wp-json\/wp\/v2\/comments?post=13464"}],"wp:featuredmedia":[{"embeddable":true,"href":"https:\/\/www.poggio.cc\/es\/wp-json\/wp\/v2\/media\/13473"}],"wp:attachment":[{"href":"https:\/\/www.poggio.cc\/es\/wp-json\/wp\/v2\/media?parent=13464"}],"wp:term":[{"taxonomy":"product_cat","embeddable":true,"href":"https:\/\/www.poggio.cc\/es\/wp-json\/wp\/v2\/product_cat?post=13464"},{"taxonomy":"product_tag","embeddable":true,"href":"https:\/\/www.poggio.cc\/es\/wp-json\/wp\/v2\/product_tag?post=13464"}],"curies":[{"name":"wp","href":"https:\/\/api.w.org\/{rel}","templated":true}]}}