{"id":7754,"date":"2024-07-15T15:34:47","date_gmt":"2024-07-15T13:34:47","guid":{"rendered":"https:\/\/www.poggio.cc\/?post_type=product&#038;p=7754"},"modified":"2026-03-21T20:56:07","modified_gmt":"2026-03-21T19:56:07","slug":"culotte-de-ciclismo-poggio-aero-gris-copy","status":"publish","type":"product","link":"https:\/\/www.poggio.cc\/es\/producto\/culotte-de-ciclismo-poggio-aero-gris-copy\/","title":{"rendered":"Culotte de ciclismo Poggio Aero Blanco"},"content":{"rendered":"<p>Culotte con tirantes de ciclismo Poggio Aero \u2013 Blanco<\/p>\n<p>Ultraligeros y aerodin\u00e1micos, los shorts de ciclismo POGGIO Aero combinan elegancia y eficiencia, su l\u00ednea pura y sus acabados limpios los convierten en un cl\u00e1sico esencial de alta calidad.<\/p>\n<p><em><strong>Detalles:<\/strong><\/em><br \/>\nDise\u00f1o muy elegante y premium.<br \/>\nAlmohadilla de interfaz el\u00e1stica de primera clase<br \/>\nRendimiento y confort garantizados<br \/>\nCortes l\u00e1ser para un acabado impecable<br \/>\nBolsillo trasero para celular y llaves<br \/>\nTirantes muy el\u00e1sticos con abertura central para mayor transpirabilidad<br \/>\nDise\u00f1ado en Francia, hecho en Europa<\/p>\n<p><em><strong>Instrucciones de cuidado:<\/strong><\/em><br \/>\nLavar a m\u00e1quina en fr\u00edo: 30C m\u00e1ximo<br \/>\nLavar del rev\u00e9s con las cremalleras cerradas<br \/>\nCentrifugar a la menor velocidad posible<br \/>\nNo lavar en seco<br \/>\nNo use m\u00e1quina seca<br \/>\nNo planchar<\/p>\n<p>&nbsp;<\/p>\n","protected":false},"excerpt":{"rendered":"<p>Culotte con tirantes de ciclismo Poggio Aero \u2013 Blanco Ultraligeros y aerodin\u00e1micos, los shorts de ciclismo POGGIO Aero combinan elegancia y eficiencia, su l\u00ednea pura y sus acabados limpios los convierten en un cl\u00e1sico esencial de alta calidad. Detalles: Dise\u00f1o muy elegante y premium. Almohadilla de interfaz el\u00e1stica de primera clase Rendimiento y confort garantizados [&hellip;]<\/p>\n","protected":false},"featured_media":7798,"comment_status":"open","ping_status":"closed","template":"","meta":{"inline_featured_image":false},"product_cat":[155],"product_tag":[],"class_list":{"0":"post-7754","1":"product","2":"type-product","3":"status-publish","4":"has-post-thumbnail","6":"product_cat-culottes-cortos","8":"first","9":"instock","10":"taxable","11":"shipping-taxable","12":"purchasable","13":"product-type-variable"},"yoast_head":"<!-- This site is optimized with the Yoast SEO plugin v27.0 - https:\/\/yoast.com\/product\/yoast-seo-wordpress\/ -->\n<title>Culotte de ciclismo Poggio Aero Blanco - POGGIO<\/title>\n<meta name=\"robots\" content=\"index, follow, max-snippet:-1, max-image-preview:large, max-video-preview:-1\" \/>\n<link rel=\"canonical\" href=\"https:\/\/www.poggio.cc\/es\/producto\/culotte-de-ciclismo-poggio-aero-gris-copy\/\" \/>\n<meta property=\"og:locale\" content=\"es_ES\" \/>\n<meta property=\"og:type\" content=\"article\" \/>\n<meta property=\"og:title\" content=\"Culotte de ciclismo Poggio Aero Blanco - POGGIO\" \/>\n<meta property=\"og:description\" content=\"Culotte con tirantes de ciclismo Poggio Aero \u2013 Blanco Ultraligeros y aerodin\u00e1micos, los shorts de ciclismo POGGIO Aero combinan elegancia y eficiencia, su l\u00ednea pura y sus acabados limpios los convierten en un cl\u00e1sico esencial de alta calidad. Detalles: Dise\u00f1o muy elegante y premium. Almohadilla de interfaz el\u00e1stica de primera clase Rendimiento y confort garantizados [&hellip;]\" \/>\n<meta property=\"og:url\" content=\"https:\/\/www.poggio.cc\/es\/producto\/culotte-de-ciclismo-poggio-aero-gris-copy\/\" \/>\n<meta property=\"og:site_name\" content=\"POGGIO\" \/>\n<meta property=\"article:modified_time\" content=\"2026-03-21T19:56:07+00:00\" \/>\n<meta property=\"og:image\" content=\"https:\/\/www.poggio.cc\/wp-content\/uploads\/2024\/07\/front-white-bibs.jpg\" \/>\n\t<meta property=\"og:image:width\" content=\"1919\" \/>\n\t<meta property=\"og:image:height\" content=\"1919\" \/>\n\t<meta property=\"og:image:type\" content=\"image\/jpeg\" \/>\n<meta name=\"twitter:card\" content=\"summary_large_image\" \/>\n<meta name=\"twitter:label1\" content=\"Tiempo de lectura\" \/>\n\t<meta name=\"twitter:data1\" content=\"1 minuto\" \/>\n<script type=\"application\/ld+json\" class=\"yoast-schema-graph\">{\"@context\":\"https:\/\/schema.org\",\"@graph\":[{\"@type\":\"WebPage\",\"@id\":\"https:\/\/www.poggio.cc\/es\/producto\/culotte-de-ciclismo-poggio-aero-gris-copy\/\",\"url\":\"https:\/\/www.poggio.cc\/es\/producto\/culotte-de-ciclismo-poggio-aero-gris-copy\/\",\"name\":\"Culotte de ciclismo Poggio Aero Blanco - POGGIO\",\"isPartOf\":{\"@id\":\"https:\/\/www.poggio.cc\/#website\"},\"primaryImageOfPage\":{\"@id\":\"https:\/\/www.poggio.cc\/es\/producto\/culotte-de-ciclismo-poggio-aero-gris-copy\/#primaryimage\"},\"image\":{\"@id\":\"https:\/\/www.poggio.cc\/es\/producto\/culotte-de-ciclismo-poggio-aero-gris-copy\/#primaryimage\"},\"thumbnailUrl\":\"https:\/\/www.poggio.cc\/wp-content\/uploads\/2024\/07\/front-white-bibs.jpg\",\"datePublished\":\"2024-07-15T13:34:47+00:00\",\"dateModified\":\"2026-03-21T19:56:07+00:00\",\"breadcrumb\":{\"@id\":\"https:\/\/www.poggio.cc\/es\/producto\/culotte-de-ciclismo-poggio-aero-gris-copy\/#breadcrumb\"},\"inLanguage\":\"es\",\"potentialAction\":[{\"@type\":\"ReadAction\",\"target\":[\"https:\/\/www.poggio.cc\/es\/producto\/culotte-de-ciclismo-poggio-aero-gris-copy\/\"]}]},{\"@type\":\"ImageObject\",\"inLanguage\":\"es\",\"@id\":\"https:\/\/www.poggio.cc\/es\/producto\/culotte-de-ciclismo-poggio-aero-gris-copy\/#primaryimage\",\"url\":\"https:\/\/www.poggio.cc\/wp-content\/uploads\/2024\/07\/front-white-bibs.jpg\",\"contentUrl\":\"https:\/\/www.poggio.cc\/wp-content\/uploads\/2024\/07\/front-white-bibs.jpg\",\"width\":1919,\"height\":1919},{\"@type\":\"BreadcrumbList\",\"@id\":\"https:\/\/www.poggio.cc\/es\/producto\/culotte-de-ciclismo-poggio-aero-gris-copy\/#breadcrumb\",\"itemListElement\":[{\"@type\":\"ListItem\",\"position\":1,\"name\":\"Home\",\"item\":\"https:\/\/www.poggio.cc\/es\/\"},{\"@type\":\"ListItem\",\"position\":2,\"name\":\"Tienda\",\"item\":\"https:\/\/www.poggio.cc\/es\/tienda\/\"},{\"@type\":\"ListItem\",\"position\":3,\"name\":\"Culotte de ciclismo Poggio Aero Blanco\"}]},{\"@type\":\"WebSite\",\"@id\":\"https:\/\/www.poggio.cc\/#website\",\"url\":\"https:\/\/www.poggio.cc\/\",\"name\":\"POGGIO\",\"description\":\"Premium Cycling Clothing\",\"publisher\":{\"@id\":\"https:\/\/www.poggio.cc\/#organization\"},\"potentialAction\":[{\"@type\":\"SearchAction\",\"target\":{\"@type\":\"EntryPoint\",\"urlTemplate\":\"https:\/\/www.poggio.cc\/?s={search_term_string}\"},\"query-input\":{\"@type\":\"PropertyValueSpecification\",\"valueRequired\":true,\"valueName\":\"search_term_string\"}}],\"inLanguage\":\"es\"},{\"@type\":\"Organization\",\"@id\":\"https:\/\/www.poggio.cc\/#organization\",\"name\":\"POGGIO\",\"url\":\"https:\/\/www.poggio.cc\/\",\"logo\":{\"@type\":\"ImageObject\",\"inLanguage\":\"es\",\"@id\":\"https:\/\/www.poggio.cc\/#\/schema\/logo\/image\/\",\"url\":\"https:\/\/www.poggio.cc\/wp-content\/uploads\/2021\/12\/POGGIO-LOGO.svg\",\"contentUrl\":\"https:\/\/www.poggio.cc\/wp-content\/uploads\/2021\/12\/POGGIO-LOGO.svg\",\"width\":561,\"height\":115,\"caption\":\"POGGIO\"},\"image\":{\"@id\":\"https:\/\/www.poggio.cc\/#\/schema\/logo\/image\/\"}}]}<\/script>\n<!-- \/ Yoast SEO plugin. -->","yoast_head_json":{"title":"Culotte de ciclismo Poggio Aero Blanco - POGGIO","robots":{"index":"index","follow":"follow","max-snippet":"max-snippet:-1","max-image-preview":"max-image-preview:large","max-video-preview":"max-video-preview:-1"},"canonical":"https:\/\/www.poggio.cc\/es\/producto\/culotte-de-ciclismo-poggio-aero-gris-copy\/","og_locale":"es_ES","og_type":"article","og_title":"Culotte de ciclismo Poggio Aero Blanco - POGGIO","og_description":"Culotte con tirantes de ciclismo Poggio Aero \u2013 Blanco Ultraligeros y aerodin\u00e1micos, los shorts de ciclismo POGGIO Aero combinan elegancia y eficiencia, su l\u00ednea pura y sus acabados limpios los convierten en un cl\u00e1sico esencial de alta calidad. Detalles: Dise\u00f1o muy elegante y premium. Almohadilla de interfaz el\u00e1stica de primera clase Rendimiento y confort garantizados [&hellip;]","og_url":"https:\/\/www.poggio.cc\/es\/producto\/culotte-de-ciclismo-poggio-aero-gris-copy\/","og_site_name":"POGGIO","article_modified_time":"2026-03-21T19:56:07+00:00","og_image":[{"width":1919,"height":1919,"url":"https:\/\/www.poggio.cc\/wp-content\/uploads\/2024\/07\/front-white-bibs.jpg","type":"image\/jpeg"}],"twitter_card":"summary_large_image","twitter_misc":{"Tiempo de lectura":"1 minuto"},"schema":{"@context":"https:\/\/schema.org","@graph":[{"@type":"WebPage","@id":"https:\/\/www.poggio.cc\/es\/producto\/culotte-de-ciclismo-poggio-aero-gris-copy\/","url":"https:\/\/www.poggio.cc\/es\/producto\/culotte-de-ciclismo-poggio-aero-gris-copy\/","name":"Culotte de ciclismo Poggio Aero Blanco - POGGIO","isPartOf":{"@id":"https:\/\/www.poggio.cc\/#website"},"primaryImageOfPage":{"@id":"https:\/\/www.poggio.cc\/es\/producto\/culotte-de-ciclismo-poggio-aero-gris-copy\/#primaryimage"},"image":{"@id":"https:\/\/www.poggio.cc\/es\/producto\/culotte-de-ciclismo-poggio-aero-gris-copy\/#primaryimage"},"thumbnailUrl":"https:\/\/www.poggio.cc\/wp-content\/uploads\/2024\/07\/front-white-bibs.jpg","datePublished":"2024-07-15T13:34:47+00:00","dateModified":"2026-03-21T19:56:07+00:00","breadcrumb":{"@id":"https:\/\/www.poggio.cc\/es\/producto\/culotte-de-ciclismo-poggio-aero-gris-copy\/#breadcrumb"},"inLanguage":"es","potentialAction":[{"@type":"ReadAction","target":["https:\/\/www.poggio.cc\/es\/producto\/culotte-de-ciclismo-poggio-aero-gris-copy\/"]}]},{"@type":"ImageObject","inLanguage":"es","@id":"https:\/\/www.poggio.cc\/es\/producto\/culotte-de-ciclismo-poggio-aero-gris-copy\/#primaryimage","url":"https:\/\/www.poggio.cc\/wp-content\/uploads\/2024\/07\/front-white-bibs.jpg","contentUrl":"https:\/\/www.poggio.cc\/wp-content\/uploads\/2024\/07\/front-white-bibs.jpg","width":1919,"height":1919},{"@type":"BreadcrumbList","@id":"https:\/\/www.poggio.cc\/es\/producto\/culotte-de-ciclismo-poggio-aero-gris-copy\/#breadcrumb","itemListElement":[{"@type":"ListItem","position":1,"name":"Home","item":"https:\/\/www.poggio.cc\/es\/"},{"@type":"ListItem","position":2,"name":"Tienda","item":"https:\/\/www.poggio.cc\/es\/tienda\/"},{"@type":"ListItem","position":3,"name":"Culotte de ciclismo Poggio Aero Blanco"}]},{"@type":"WebSite","@id":"https:\/\/www.poggio.cc\/#website","url":"https:\/\/www.poggio.cc\/","name":"POGGIO","description":"Premium Cycling Clothing","publisher":{"@id":"https:\/\/www.poggio.cc\/#organization"},"potentialAction":[{"@type":"SearchAction","target":{"@type":"EntryPoint","urlTemplate":"https:\/\/www.poggio.cc\/?s={search_term_string}"},"query-input":{"@type":"PropertyValueSpecification","valueRequired":true,"valueName":"search_term_string"}}],"inLanguage":"es"},{"@type":"Organization","@id":"https:\/\/www.poggio.cc\/#organization","name":"POGGIO","url":"https:\/\/www.poggio.cc\/","logo":{"@type":"ImageObject","inLanguage":"es","@id":"https:\/\/www.poggio.cc\/#\/schema\/logo\/image\/","url":"https:\/\/www.poggio.cc\/wp-content\/uploads\/2021\/12\/POGGIO-LOGO.svg","contentUrl":"https:\/\/www.poggio.cc\/wp-content\/uploads\/2021\/12\/POGGIO-LOGO.svg","width":561,"height":115,"caption":"POGGIO"},"image":{"@id":"https:\/\/www.poggio.cc\/#\/schema\/logo\/image\/"}}]}},"jetpack_sharing_enabled":true,"_links":{"self":[{"href":"https:\/\/www.poggio.cc\/es\/wp-json\/wp\/v2\/product\/7754","targetHints":{"allow":["GET"]}}],"collection":[{"href":"https:\/\/www.poggio.cc\/es\/wp-json\/wp\/v2\/product"}],"about":[{"href":"https:\/\/www.poggio.cc\/es\/wp-json\/wp\/v2\/types\/product"}],"replies":[{"embeddable":true,"href":"https:\/\/www.poggio.cc\/es\/wp-json\/wp\/v2\/comments?post=7754"}],"wp:featuredmedia":[{"embeddable":true,"href":"https:\/\/www.poggio.cc\/es\/wp-json\/wp\/v2\/media\/7798"}],"wp:attachment":[{"href":"https:\/\/www.poggio.cc\/es\/wp-json\/wp\/v2\/media?parent=7754"}],"wp:term":[{"taxonomy":"product_cat","embeddable":true,"href":"https:\/\/www.poggio.cc\/es\/wp-json\/wp\/v2\/product_cat?post=7754"},{"taxonomy":"product_tag","embeddable":true,"href":"https:\/\/www.poggio.cc\/es\/wp-json\/wp\/v2\/product_tag?post=7754"}],"curies":[{"name":"wp","href":"https:\/\/api.w.org\/{rel}","templated":true}]}}