{"id":4955,"date":"2023-04-30T21:58:08","date_gmt":"2023-04-30T19:58:08","guid":{"rendered":"https:\/\/www.poggio.cc\/?page_id=4955"},"modified":"2023-05-17T20:26:28","modified_gmt":"2023-05-17T18:26:28","slug":"notre-vision","status":"publish","type":"page","link":"https:\/\/www.poggio.cc\/fr\/notre-vision\/","title":{"rendered":"Notre vision"},"content":{"rendered":"\t\t<div data-elementor-type=\"wp-page\" data-elementor-id=\"4955\" class=\"elementor elementor-4955\" data-elementor-post-type=\"page\">\n\t\t\t\t\t\t<div class=\"elementor-section elementor-top-section elementor-element elementor-element-1c5ceaf elementor-section-stretched elementor-section-boxed elementor-section-height-default elementor-section-height-default\" data-id=\"1c5ceaf\" data-element_type=\"section\" data-e-type=\"section\" data-settings=\"{&quot;stretch_section&quot;:&quot;section-stretched&quot;}\">\n\t\t\t\t\t\t<div class=\"elementor-container elementor-column-gap-no\">\n\t\t\t\t\t<div class=\"elementor-column elementor-col-100 elementor-top-column elementor-element elementor-element-1f9c1aa\" data-id=\"1f9c1aa\" data-element_type=\"column\" data-e-type=\"column\">\n\t\t\t<div class=\"elementor-widget-wrap elementor-element-populated\">\n\t\t\t\t\n\n \t\t<div class=\"elementor-element elementor-element-159b670 elementor-widget elementor-widget-text-editor\" data-id=\"159b670\" data-element_type=\"widget\" data-e-type=\"widget\" data-widget_type=\"text-editor.default\">\n\t\t\t\t<div class=\"elementor-widget-container\">\n\t\t\t\t\t\t\t\t\t<p>Poggio<\/p>\t\t\t\t\t\t\t\t<\/div>\n\t\t\t\t<\/div>\n\t\t\t\t<div class=\"elementor-element elementor-element-6597e39 elementor-widget elementor-widget-heading\" data-id=\"6597e39\" data-element_type=\"widget\" data-e-type=\"widget\" data-widget_type=\"heading.default\">\n\t\t\t\t<div class=\"elementor-widget-container\">\n\t\t\t\t\t<h2 class=\"elementor-heading-title elementor-size-default\">Notre vision<\/h2>\t\t\t\t<\/div>\n\t\t\t\t<\/div>\n\t\t\t\t\t<\/div>\n\t\t<\/div>\n\t\t\t\t\t<\/div>\n\t\t<\/div>\n\t\t\t\t<div class=\"elementor-section elementor-top-section elementor-element elementor-element-442d872 elementor-section-stretched elementor-section-boxed elementor-section-height-default elementor-section-height-default\" data-id=\"442d872\" data-element_type=\"section\" data-e-type=\"section\" data-settings=\"{&quot;stretch_section&quot;:&quot;section-stretched&quot;,&quot;background_background&quot;:&quot;classic&quot;}\">\n\t\t\t\t\t\t<div class=\"elementor-container elementor-column-gap-no\">\n\t\t\t\t\t<div class=\"elementor-column elementor-col-50 elementor-top-column elementor-element elementor-element-3bdab9a\" data-id=\"3bdab9a\" data-element_type=\"column\" data-e-type=\"column\">\n\t\t\t<div class=\"elementor-widget-wrap elementor-element-populated\">\n\t\t\t\t\t\t<div class=\"elementor-element elementor-element-73ab6f6 elementor-widget elementor-widget-image\" data-id=\"73ab6f6\" data-element_type=\"widget\" data-e-type=\"widget\" data-widget_type=\"image.default\">\n\t\t\t\t<div class=\"elementor-widget-container\">\n\t\t\t\t\t\t\t\t\t\t\t\t\t\t\t<img fetchpriority=\"high\" decoding=\"async\" width=\"2560\" height=\"1559\" src=\"https:\/\/www.poggio.cc\/wp-content\/uploads\/2023\/03\/Poggio-Vision-scaled.jpeg\" class=\"attachment-full size-full wp-image-4608\" alt=\"\" \/>\t\t\t\t\t\t\t\t\t\t\t\t\t\t\t<\/div>\n\t\t\t\t<\/div>\n\t\t\t\t\t<\/div>\n\t\t<\/div>\n\t\t\t\t<div class=\"elementor-column elementor-col-50 elementor-top-column elementor-element elementor-element-db5734f\" data-id=\"db5734f\" data-element_type=\"column\" data-e-type=\"column\">\n\t\t\t<div class=\"elementor-widget-wrap elementor-element-populated\">\n\t\t\t\t\t\t<div class=\"elementor-element elementor-element-6a38514 elementor-widget elementor-widget-text-editor\" data-id=\"6a38514\" data-element_type=\"widget\" data-e-type=\"widget\" data-widget_type=\"text-editor.default\">\n\t\t\t\t<div class=\"elementor-widget-container\">\n\t\t\t\t\t\t\t\t\t<p>Notre vision<\/p>\t\t\t\t\t\t\t\t<\/div>\n\t\t\t\t<\/div>\n\t\t\t\t<div class=\"elementor-element elementor-element-1847736 elementor-widget elementor-widget-text-editor\" data-id=\"1847736\" data-element_type=\"widget\" data-e-type=\"widget\" data-widget_type=\"text-editor.default\">\n\t\t\t\t<div class=\"elementor-widget-container\">\n\t\t\t\t\t\t\t\t\t<p><span style=\"caret-color: #000000; color: #000000; font-family: Calibri, sans-serif; font-size: 14.666667px; font-style: var(--e-global-typography-text-font-style); letter-spacing: var(--e-global-typography-text-letter-spacing); text-transform: var(--e-global-typography-text-text-transform); text-decoration: var(--e-global-typography-text-text-decoration);\">Un sportif qui se sent bien dans ses v\u00eatements, est un sportif motiv\u00e9 pr\u00eat \u00e0 se d\u00e9passer. C&rsquo;est cet \u00e9tat d&rsquo;esprit qui anime tous nos d\u00e9veloppements afin de proposer des tenues \u00e9l\u00e9gantes, confortables et performantes.<\/span><\/p><p><img decoding=\"async\" class=\"alignnone size-full wp-image-4811\" src=\"https:\/\/www.poggio.cc\/wp-content\/uploads\/2023\/04\/team-poggio.png\" alt=\"\" width=\"692\" height=\"201\" \/><\/p>\t\t\t\t\t\t\t\t<\/div>\n\t\t\t\t<\/div>\n\t\t\t\t\t<\/div>\n\t\t<\/div>\n\t\t\t\t\t<\/div>\n\t\t<\/div>\n\t\t\t\t<\/div>\n\t\t","protected":false},"excerpt":{"rendered":"<p>Poggio Notre vision Notre vision Un sportif qui se sent bien dans ses v\u00eatements, est un sportif motiv\u00e9 pr\u00eat \u00e0 se d\u00e9passer. C&rsquo;est cet \u00e9tat d&rsquo;esprit qui anime tous nos d\u00e9veloppements afin de proposer des tenues \u00e9l\u00e9gantes, confortables et performantes.<\/p>\n","protected":false},"author":1,"featured_media":0,"parent":0,"menu_order":0,"comment_status":"closed","ping_status":"closed","template":"elementor_header_footer","meta":{"inline_featured_image":false,"footnotes":""},"class_list":["post-4955","page","type-page","status-publish","hentry"],"yoast_head":"<!-- This site is optimized with the Yoast SEO plugin v27.0 - https:\/\/yoast.com\/product\/yoast-seo-wordpress\/ -->\n<title>Notre vision - POGGIO<\/title>\n<meta name=\"robots\" content=\"index, follow, max-snippet:-1, max-image-preview:large, max-video-preview:-1\" \/>\n<link rel=\"canonical\" href=\"https:\/\/www.poggio.cc\/fr\/notre-vision\/\" \/>\n<meta property=\"og:locale\" content=\"fr_FR\" \/>\n<meta property=\"og:type\" content=\"article\" \/>\n<meta property=\"og:title\" content=\"Notre vision - POGGIO\" \/>\n<meta property=\"og:description\" content=\"Poggio Notre vision Notre vision Un sportif qui se sent bien dans ses v\u00eatements, est un sportif motiv\u00e9 pr\u00eat \u00e0 se d\u00e9passer. C&rsquo;est cet \u00e9tat d&rsquo;esprit qui anime tous nos d\u00e9veloppements afin de proposer des tenues \u00e9l\u00e9gantes, confortables et performantes.\" \/>\n<meta property=\"og:url\" content=\"https:\/\/www.poggio.cc\/fr\/notre-vision\/\" \/>\n<meta property=\"og:site_name\" content=\"POGGIO\" \/>\n<meta property=\"article:modified_time\" content=\"2023-05-17T18:26:28+00:00\" \/>\n<meta property=\"og:image\" content=\"https:\/\/www.poggio.cc\/wp-content\/uploads\/2023\/03\/Poggio-Vision-scaled.jpeg\" \/>\n<meta name=\"twitter:card\" content=\"summary_large_image\" \/>\n<script type=\"application\/ld+json\" class=\"yoast-schema-graph\">{\"@context\":\"https:\/\/schema.org\",\"@graph\":[{\"@type\":\"WebPage\",\"@id\":\"https:\/\/www.poggio.cc\/fr\/notre-vision\/\",\"url\":\"https:\/\/www.poggio.cc\/fr\/notre-vision\/\",\"name\":\"Notre vision - POGGIO\",\"isPartOf\":{\"@id\":\"https:\/\/www.poggio.cc\/#website\"},\"primaryImageOfPage\":{\"@id\":\"https:\/\/www.poggio.cc\/fr\/notre-vision\/#primaryimage\"},\"image\":{\"@id\":\"https:\/\/www.poggio.cc\/fr\/notre-vision\/#primaryimage\"},\"thumbnailUrl\":\"https:\/\/www.poggio.cc\/wp-content\/uploads\/2023\/03\/Poggio-Vision-scaled.jpeg\",\"datePublished\":\"2023-04-30T19:58:08+00:00\",\"dateModified\":\"2023-05-17T18:26:28+00:00\",\"breadcrumb\":{\"@id\":\"https:\/\/www.poggio.cc\/fr\/notre-vision\/#breadcrumb\"},\"inLanguage\":\"fr-FR\",\"potentialAction\":[{\"@type\":\"ReadAction\",\"target\":[\"https:\/\/www.poggio.cc\/fr\/notre-vision\/\"]}]},{\"@type\":\"ImageObject\",\"inLanguage\":\"fr-FR\",\"@id\":\"https:\/\/www.poggio.cc\/fr\/notre-vision\/#primaryimage\",\"url\":\"https:\/\/www.poggio.cc\/wp-content\/uploads\/2023\/03\/Poggio-Vision-scaled.jpeg\",\"contentUrl\":\"https:\/\/www.poggio.cc\/wp-content\/uploads\/2023\/03\/Poggio-Vision-scaled.jpeg\"},{\"@type\":\"BreadcrumbList\",\"@id\":\"https:\/\/www.poggio.cc\/fr\/notre-vision\/#breadcrumb\",\"itemListElement\":[{\"@type\":\"ListItem\",\"position\":1,\"name\":\"Home\",\"item\":\"https:\/\/www.poggio.cc\/fr\/\"},{\"@type\":\"ListItem\",\"position\":2,\"name\":\"Notre vision\"}]},{\"@type\":\"WebSite\",\"@id\":\"https:\/\/www.poggio.cc\/#website\",\"url\":\"https:\/\/www.poggio.cc\/\",\"name\":\"POGGIO\",\"description\":\"Premium Cycling Clothing\",\"publisher\":{\"@id\":\"https:\/\/www.poggio.cc\/#organization\"},\"potentialAction\":[{\"@type\":\"SearchAction\",\"target\":{\"@type\":\"EntryPoint\",\"urlTemplate\":\"https:\/\/www.poggio.cc\/?s={search_term_string}\"},\"query-input\":{\"@type\":\"PropertyValueSpecification\",\"valueRequired\":true,\"valueName\":\"search_term_string\"}}],\"inLanguage\":\"fr-FR\"},{\"@type\":\"Organization\",\"@id\":\"https:\/\/www.poggio.cc\/#organization\",\"name\":\"POGGIO\",\"url\":\"https:\/\/www.poggio.cc\/\",\"logo\":{\"@type\":\"ImageObject\",\"inLanguage\":\"fr-FR\",\"@id\":\"https:\/\/www.poggio.cc\/#\/schema\/logo\/image\/\",\"url\":\"https:\/\/www.poggio.cc\/wp-content\/uploads\/2021\/12\/POGGIO-LOGO.svg\",\"contentUrl\":\"https:\/\/www.poggio.cc\/wp-content\/uploads\/2021\/12\/POGGIO-LOGO.svg\",\"width\":561,\"height\":115,\"caption\":\"POGGIO\"},\"image\":{\"@id\":\"https:\/\/www.poggio.cc\/#\/schema\/logo\/image\/\"}}]}<\/script>\n<!-- \/ Yoast SEO plugin. -->","yoast_head_json":{"title":"Notre vision - POGGIO","robots":{"index":"index","follow":"follow","max-snippet":"max-snippet:-1","max-image-preview":"max-image-preview:large","max-video-preview":"max-video-preview:-1"},"canonical":"https:\/\/www.poggio.cc\/fr\/notre-vision\/","og_locale":"fr_FR","og_type":"article","og_title":"Notre vision - POGGIO","og_description":"Poggio Notre vision Notre vision Un sportif qui se sent bien dans ses v\u00eatements, est un sportif motiv\u00e9 pr\u00eat \u00e0 se d\u00e9passer. C&rsquo;est cet \u00e9tat d&rsquo;esprit qui anime tous nos d\u00e9veloppements afin de proposer des tenues \u00e9l\u00e9gantes, confortables et performantes.","og_url":"https:\/\/www.poggio.cc\/fr\/notre-vision\/","og_site_name":"POGGIO","article_modified_time":"2023-05-17T18:26:28+00:00","og_image":[{"url":"https:\/\/www.poggio.cc\/wp-content\/uploads\/2023\/03\/Poggio-Vision-scaled.jpeg","type":"","width":"","height":""}],"twitter_card":"summary_large_image","schema":{"@context":"https:\/\/schema.org","@graph":[{"@type":"WebPage","@id":"https:\/\/www.poggio.cc\/fr\/notre-vision\/","url":"https:\/\/www.poggio.cc\/fr\/notre-vision\/","name":"Notre vision - POGGIO","isPartOf":{"@id":"https:\/\/www.poggio.cc\/#website"},"primaryImageOfPage":{"@id":"https:\/\/www.poggio.cc\/fr\/notre-vision\/#primaryimage"},"image":{"@id":"https:\/\/www.poggio.cc\/fr\/notre-vision\/#primaryimage"},"thumbnailUrl":"https:\/\/www.poggio.cc\/wp-content\/uploads\/2023\/03\/Poggio-Vision-scaled.jpeg","datePublished":"2023-04-30T19:58:08+00:00","dateModified":"2023-05-17T18:26:28+00:00","breadcrumb":{"@id":"https:\/\/www.poggio.cc\/fr\/notre-vision\/#breadcrumb"},"inLanguage":"fr-FR","potentialAction":[{"@type":"ReadAction","target":["https:\/\/www.poggio.cc\/fr\/notre-vision\/"]}]},{"@type":"ImageObject","inLanguage":"fr-FR","@id":"https:\/\/www.poggio.cc\/fr\/notre-vision\/#primaryimage","url":"https:\/\/www.poggio.cc\/wp-content\/uploads\/2023\/03\/Poggio-Vision-scaled.jpeg","contentUrl":"https:\/\/www.poggio.cc\/wp-content\/uploads\/2023\/03\/Poggio-Vision-scaled.jpeg"},{"@type":"BreadcrumbList","@id":"https:\/\/www.poggio.cc\/fr\/notre-vision\/#breadcrumb","itemListElement":[{"@type":"ListItem","position":1,"name":"Home","item":"https:\/\/www.poggio.cc\/fr\/"},{"@type":"ListItem","position":2,"name":"Notre vision"}]},{"@type":"WebSite","@id":"https:\/\/www.poggio.cc\/#website","url":"https:\/\/www.poggio.cc\/","name":"POGGIO","description":"Premium Cycling Clothing","publisher":{"@id":"https:\/\/www.poggio.cc\/#organization"},"potentialAction":[{"@type":"SearchAction","target":{"@type":"EntryPoint","urlTemplate":"https:\/\/www.poggio.cc\/?s={search_term_string}"},"query-input":{"@type":"PropertyValueSpecification","valueRequired":true,"valueName":"search_term_string"}}],"inLanguage":"fr-FR"},{"@type":"Organization","@id":"https:\/\/www.poggio.cc\/#organization","name":"POGGIO","url":"https:\/\/www.poggio.cc\/","logo":{"@type":"ImageObject","inLanguage":"fr-FR","@id":"https:\/\/www.poggio.cc\/#\/schema\/logo\/image\/","url":"https:\/\/www.poggio.cc\/wp-content\/uploads\/2021\/12\/POGGIO-LOGO.svg","contentUrl":"https:\/\/www.poggio.cc\/wp-content\/uploads\/2021\/12\/POGGIO-LOGO.svg","width":561,"height":115,"caption":"POGGIO"},"image":{"@id":"https:\/\/www.poggio.cc\/#\/schema\/logo\/image\/"}}]}},"jetpack_sharing_enabled":true,"_links":{"self":[{"href":"https:\/\/www.poggio.cc\/fr\/wp-json\/wp\/v2\/pages\/4955","targetHints":{"allow":["GET"]}}],"collection":[{"href":"https:\/\/www.poggio.cc\/fr\/wp-json\/wp\/v2\/pages"}],"about":[{"href":"https:\/\/www.poggio.cc\/fr\/wp-json\/wp\/v2\/types\/page"}],"author":[{"embeddable":true,"href":"https:\/\/www.poggio.cc\/fr\/wp-json\/wp\/v2\/users\/1"}],"replies":[{"embeddable":true,"href":"https:\/\/www.poggio.cc\/fr\/wp-json\/wp\/v2\/comments?post=4955"}],"version-history":[{"count":10,"href":"https:\/\/www.poggio.cc\/fr\/wp-json\/wp\/v2\/pages\/4955\/revisions"}],"predecessor-version":[{"id":5361,"href":"https:\/\/www.poggio.cc\/fr\/wp-json\/wp\/v2\/pages\/4955\/revisions\/5361"}],"wp:attachment":[{"href":"https:\/\/www.poggio.cc\/fr\/wp-json\/wp\/v2\/media?parent=4955"}],"curies":[{"name":"wp","href":"https:\/\/api.w.org\/{rel}","templated":true}]}}