{"id":13452,"date":"2025-10-06T16:29:23","date_gmt":"2025-10-06T14:29:23","guid":{"rendered":"https:\/\/www.poggio.cc\/?post_type=product&#038;p=13452"},"modified":"2025-12-22T10:21:20","modified_gmt":"2025-12-22T09:21:20","slug":"poggio-cuissard-long-hiver-fast","status":"publish","type":"product","link":"https:\/\/www.poggio.cc\/fr\/produit\/poggio-cuissard-long-hiver-fast\/","title":{"rendered":"Poggio Cuissard Long Fast 3.0 Noir"},"content":{"rendered":"<h4>Poggio Cuissard Long Hiver <em>FAST 3.0<\/em> Noir<\/h4>\n<p style=\"font-weight: 400;\">Le cuissard long thermique FAST 3.0 offre une r\u00e9gulation thermique et un confort optimal pour vos sorties hivernale. Confectionn\u00e9 en polaire italien, le nouveau cuissard long thermique POGGIO est soigneusement confectionn\u00e9 avec une composition \u00e9quilibr\u00e9e en PA-EA pour une r\u00e9gulation thermique optimale et un confort exceptionnel.<\/p>\n<p style=\"font-weight: 400;\">Ultra l\u00e9ger et a\u00e9ro, le cuissard allie \u00e0 la fois l&rsquo;elegance et l&rsquo;efficacit\u00e9, sa ligne pure et ses finitions soign\u00e9es en font un classique incontournable de haute qualit\u00e9 pour la saison hivernale.<\/p>\n<h6><em><strong>D\u00e9tails:<\/strong><\/em><\/h6>\n<ul>\n<li>Peau de chamois Elastic Interface<sup>\u00ae<\/sup><\/li>\n<li>Bretelles tr\u00e8s extensibles avec une d\u00e9coupe centrale pour plus de respirabilit\u00e9<\/li>\n<li>d\u00e9coupes au laser pour une finition impeccable<\/li>\n<li>Design classe et \u00e9pur\u00e9<\/li>\n<li>Performance et confort guaranties.<\/li>\n<li>Con\u00e7u en France, fabriqu\u00e9 en Italie<\/li>\n<\/ul>\n<h6><em><strong>Entetien:<\/strong><\/em><\/h6>\n<ul>\n<li>Laver \u00e0 l&rsquo;envers<\/li>\n<li>Lavage en machine \u00e0 30\u00b0C uniquement<\/li>\n<li>Ne pas utiliser d&rsquo;adoucissant<\/li>\n<li>Faire s\u00e9cher \u00e0 l&rsquo;envers<\/li>\n<li>Ne pas s\u00e9cher au s\u00e8che-linge ou proche d&rsquo;un radiateur<\/li>\n<li>Ne pas nettoyer \u00e0 sec<\/li>\n<li>Ne pas repasser<\/li>\n<\/ul>\n<p><img fetchpriority=\"high\" decoding=\"async\" class=\" wp-image-13497 alignleft\" src=\"https:\/\/www.poggio.cc\/wp-content\/uploads\/2025\/10\/WINTER-BIB-SIZE-CHART-300x146.jpg\" alt=\"\" width=\"931\" height=\"453\" srcset=\"https:\/\/www.poggio.cc\/wp-content\/uploads\/2025\/10\/WINTER-BIB-SIZE-CHART-300x146.jpg 300w, https:\/\/www.poggio.cc\/wp-content\/uploads\/2025\/10\/WINTER-BIB-SIZE-CHART-1024x498.jpg 1024w, https:\/\/www.poggio.cc\/wp-content\/uploads\/2025\/10\/WINTER-BIB-SIZE-CHART-768x373.jpg 768w, https:\/\/www.poggio.cc\/wp-content\/uploads\/2025\/10\/WINTER-BIB-SIZE-CHART-1536x747.jpg 1536w, https:\/\/www.poggio.cc\/wp-content\/uploads\/2025\/10\/WINTER-BIB-SIZE-CHART-630x306.jpg 630w, https:\/\/www.poggio.cc\/wp-content\/uploads\/2025\/10\/WINTER-BIB-SIZE-CHART-800x389.jpg 800w, https:\/\/www.poggio.cc\/wp-content\/uploads\/2025\/10\/WINTER-BIB-SIZE-CHART.jpg 1942w\" sizes=\"(max-width: 931px) 100vw, 931px\" \/><\/p>\n","protected":false},"excerpt":{"rendered":"<p>Poggio Cuissard Long Hiver FAST 3.0 Noir Le cuissard long thermique FAST 3.0 offre une r\u00e9gulation thermique et un confort optimal pour vos sorties hivernale. Confectionn\u00e9 en polaire italien, le nouveau cuissard long thermique POGGIO est soigneusement confectionn\u00e9 avec une composition \u00e9quilibr\u00e9e en PA-EA pour une r\u00e9gulation thermique optimale et un confort exceptionnel. Ultra l\u00e9ger [&hellip;]<\/p>\n","protected":false},"featured_media":13471,"comment_status":"open","ping_status":"closed","template":"","meta":{"inline_featured_image":false},"product_cat":[86],"product_tag":[],"class_list":{"0":"post-13452","1":"product","2":"type-product","3":"status-publish","4":"has-post-thumbnail","6":"product_brand-poggio","7":"product_cat-cuissards-courts-et-longs","9":"first","10":"instock","11":"taxable","12":"shipping-taxable","13":"purchasable","14":"product-type-variable"},"yoast_head":"<!-- This site is optimized with the Yoast SEO plugin v27.0 - https:\/\/yoast.com\/product\/yoast-seo-wordpress\/ -->\n<title>Poggio Cuissard Long Fast 3.0 Noir - POGGIO<\/title>\n<meta name=\"robots\" content=\"index, follow, max-snippet:-1, max-image-preview:large, max-video-preview:-1\" \/>\n<link rel=\"canonical\" href=\"https:\/\/www.poggio.cc\/fr\/produit\/poggio-cuissard-long-hiver-fast\/\" \/>\n<meta property=\"og:locale\" content=\"fr_FR\" \/>\n<meta property=\"og:type\" content=\"article\" \/>\n<meta property=\"og:title\" content=\"Poggio Cuissard Long Fast 3.0 Noir - POGGIO\" \/>\n<meta property=\"og:description\" content=\"Poggio Cuissard Long Hiver FAST 3.0 Noir Le cuissard long thermique FAST 3.0 offre une r\u00e9gulation thermique et un confort optimal pour vos sorties hivernale. Confectionn\u00e9 en polaire italien, le nouveau cuissard long thermique POGGIO est soigneusement confectionn\u00e9 avec une composition \u00e9quilibr\u00e9e en PA-EA pour une r\u00e9gulation thermique optimale et un confort exceptionnel. Ultra l\u00e9ger [&hellip;]\" \/>\n<meta property=\"og:url\" content=\"https:\/\/www.poggio.cc\/fr\/produit\/poggio-cuissard-long-hiver-fast\/\" \/>\n<meta property=\"og:site_name\" content=\"POGGIO\" \/>\n<meta property=\"article:modified_time\" content=\"2025-12-22T09:21:20+00:00\" \/>\n<meta property=\"og:image\" content=\"https:\/\/www.poggio.cc\/wp-content\/uploads\/2025\/10\/poggio-winter-bib1.jpg\" \/>\n\t<meta property=\"og:image:width\" content=\"2000\" \/>\n\t<meta property=\"og:image:height\" content=\"2000\" \/>\n\t<meta property=\"og:image:type\" content=\"image\/jpeg\" \/>\n<meta name=\"twitter:card\" content=\"summary_large_image\" \/>\n<meta name=\"twitter:label1\" content=\"Dur\u00e9e de lecture estim\u00e9e\" \/>\n\t<meta name=\"twitter:data1\" content=\"2 minutes\" \/>\n<script type=\"application\/ld+json\" class=\"yoast-schema-graph\">{\"@context\":\"https:\/\/schema.org\",\"@graph\":[{\"@type\":\"WebPage\",\"@id\":\"https:\/\/www.poggio.cc\/fr\/produit\/poggio-cuissard-long-hiver-fast\/\",\"url\":\"https:\/\/www.poggio.cc\/fr\/produit\/poggio-cuissard-long-hiver-fast\/\",\"name\":\"Poggio Cuissard Long Fast 3.0 Noir - POGGIO\",\"isPartOf\":{\"@id\":\"https:\/\/www.poggio.cc\/#website\"},\"primaryImageOfPage\":{\"@id\":\"https:\/\/www.poggio.cc\/fr\/produit\/poggio-cuissard-long-hiver-fast\/#primaryimage\"},\"image\":{\"@id\":\"https:\/\/www.poggio.cc\/fr\/produit\/poggio-cuissard-long-hiver-fast\/#primaryimage\"},\"thumbnailUrl\":\"https:\/\/www.poggio.cc\/wp-content\/uploads\/2025\/10\/poggio-winter-bib1.jpg\",\"datePublished\":\"2025-10-06T14:29:23+00:00\",\"dateModified\":\"2025-12-22T09:21:20+00:00\",\"breadcrumb\":{\"@id\":\"https:\/\/www.poggio.cc\/fr\/produit\/poggio-cuissard-long-hiver-fast\/#breadcrumb\"},\"inLanguage\":\"fr-FR\",\"potentialAction\":[{\"@type\":\"ReadAction\",\"target\":[\"https:\/\/www.poggio.cc\/fr\/produit\/poggio-cuissard-long-hiver-fast\/\"]}]},{\"@type\":\"ImageObject\",\"inLanguage\":\"fr-FR\",\"@id\":\"https:\/\/www.poggio.cc\/fr\/produit\/poggio-cuissard-long-hiver-fast\/#primaryimage\",\"url\":\"https:\/\/www.poggio.cc\/wp-content\/uploads\/2025\/10\/poggio-winter-bib1.jpg\",\"contentUrl\":\"https:\/\/www.poggio.cc\/wp-content\/uploads\/2025\/10\/poggio-winter-bib1.jpg\",\"width\":2000,\"height\":2000},{\"@type\":\"BreadcrumbList\",\"@id\":\"https:\/\/www.poggio.cc\/fr\/produit\/poggio-cuissard-long-hiver-fast\/#breadcrumb\",\"itemListElement\":[{\"@type\":\"ListItem\",\"position\":1,\"name\":\"Home\",\"item\":\"https:\/\/www.poggio.cc\/fr\/\"},{\"@type\":\"ListItem\",\"position\":2,\"name\":\"Shop\",\"item\":\"https:\/\/www.poggio.cc\/fr\/shop-2\/\"},{\"@type\":\"ListItem\",\"position\":3,\"name\":\"Poggio Cuissard Long Fast 3.0 Noir\"}]},{\"@type\":\"WebSite\",\"@id\":\"https:\/\/www.poggio.cc\/#website\",\"url\":\"https:\/\/www.poggio.cc\/\",\"name\":\"POGGIO\",\"description\":\"Premium Cycling Clothing\",\"publisher\":{\"@id\":\"https:\/\/www.poggio.cc\/#organization\"},\"potentialAction\":[{\"@type\":\"SearchAction\",\"target\":{\"@type\":\"EntryPoint\",\"urlTemplate\":\"https:\/\/www.poggio.cc\/?s={search_term_string}\"},\"query-input\":{\"@type\":\"PropertyValueSpecification\",\"valueRequired\":true,\"valueName\":\"search_term_string\"}}],\"inLanguage\":\"fr-FR\"},{\"@type\":\"Organization\",\"@id\":\"https:\/\/www.poggio.cc\/#organization\",\"name\":\"POGGIO\",\"url\":\"https:\/\/www.poggio.cc\/\",\"logo\":{\"@type\":\"ImageObject\",\"inLanguage\":\"fr-FR\",\"@id\":\"https:\/\/www.poggio.cc\/#\/schema\/logo\/image\/\",\"url\":\"https:\/\/www.poggio.cc\/wp-content\/uploads\/2021\/12\/POGGIO-LOGO.svg\",\"contentUrl\":\"https:\/\/www.poggio.cc\/wp-content\/uploads\/2021\/12\/POGGIO-LOGO.svg\",\"width\":561,\"height\":115,\"caption\":\"POGGIO\"},\"image\":{\"@id\":\"https:\/\/www.poggio.cc\/#\/schema\/logo\/image\/\"}}]}<\/script>\n<!-- \/ Yoast SEO plugin. -->","yoast_head_json":{"title":"Poggio Cuissard Long Fast 3.0 Noir - POGGIO","robots":{"index":"index","follow":"follow","max-snippet":"max-snippet:-1","max-image-preview":"max-image-preview:large","max-video-preview":"max-video-preview:-1"},"canonical":"https:\/\/www.poggio.cc\/fr\/produit\/poggio-cuissard-long-hiver-fast\/","og_locale":"fr_FR","og_type":"article","og_title":"Poggio Cuissard Long Fast 3.0 Noir - POGGIO","og_description":"Poggio Cuissard Long Hiver FAST 3.0 Noir Le cuissard long thermique FAST 3.0 offre une r\u00e9gulation thermique et un confort optimal pour vos sorties hivernale. Confectionn\u00e9 en polaire italien, le nouveau cuissard long thermique POGGIO est soigneusement confectionn\u00e9 avec une composition \u00e9quilibr\u00e9e en PA-EA pour une r\u00e9gulation thermique optimale et un confort exceptionnel. Ultra l\u00e9ger [&hellip;]","og_url":"https:\/\/www.poggio.cc\/fr\/produit\/poggio-cuissard-long-hiver-fast\/","og_site_name":"POGGIO","article_modified_time":"2025-12-22T09:21:20+00:00","og_image":[{"width":2000,"height":2000,"url":"https:\/\/www.poggio.cc\/wp-content\/uploads\/2025\/10\/poggio-winter-bib1.jpg","type":"image\/jpeg"}],"twitter_card":"summary_large_image","twitter_misc":{"Dur\u00e9e de lecture estim\u00e9e":"2 minutes"},"schema":{"@context":"https:\/\/schema.org","@graph":[{"@type":"WebPage","@id":"https:\/\/www.poggio.cc\/fr\/produit\/poggio-cuissard-long-hiver-fast\/","url":"https:\/\/www.poggio.cc\/fr\/produit\/poggio-cuissard-long-hiver-fast\/","name":"Poggio Cuissard Long Fast 3.0 Noir - POGGIO","isPartOf":{"@id":"https:\/\/www.poggio.cc\/#website"},"primaryImageOfPage":{"@id":"https:\/\/www.poggio.cc\/fr\/produit\/poggio-cuissard-long-hiver-fast\/#primaryimage"},"image":{"@id":"https:\/\/www.poggio.cc\/fr\/produit\/poggio-cuissard-long-hiver-fast\/#primaryimage"},"thumbnailUrl":"https:\/\/www.poggio.cc\/wp-content\/uploads\/2025\/10\/poggio-winter-bib1.jpg","datePublished":"2025-10-06T14:29:23+00:00","dateModified":"2025-12-22T09:21:20+00:00","breadcrumb":{"@id":"https:\/\/www.poggio.cc\/fr\/produit\/poggio-cuissard-long-hiver-fast\/#breadcrumb"},"inLanguage":"fr-FR","potentialAction":[{"@type":"ReadAction","target":["https:\/\/www.poggio.cc\/fr\/produit\/poggio-cuissard-long-hiver-fast\/"]}]},{"@type":"ImageObject","inLanguage":"fr-FR","@id":"https:\/\/www.poggio.cc\/fr\/produit\/poggio-cuissard-long-hiver-fast\/#primaryimage","url":"https:\/\/www.poggio.cc\/wp-content\/uploads\/2025\/10\/poggio-winter-bib1.jpg","contentUrl":"https:\/\/www.poggio.cc\/wp-content\/uploads\/2025\/10\/poggio-winter-bib1.jpg","width":2000,"height":2000},{"@type":"BreadcrumbList","@id":"https:\/\/www.poggio.cc\/fr\/produit\/poggio-cuissard-long-hiver-fast\/#breadcrumb","itemListElement":[{"@type":"ListItem","position":1,"name":"Home","item":"https:\/\/www.poggio.cc\/fr\/"},{"@type":"ListItem","position":2,"name":"Shop","item":"https:\/\/www.poggio.cc\/fr\/shop-2\/"},{"@type":"ListItem","position":3,"name":"Poggio Cuissard Long Fast 3.0 Noir"}]},{"@type":"WebSite","@id":"https:\/\/www.poggio.cc\/#website","url":"https:\/\/www.poggio.cc\/","name":"POGGIO","description":"Premium Cycling Clothing","publisher":{"@id":"https:\/\/www.poggio.cc\/#organization"},"potentialAction":[{"@type":"SearchAction","target":{"@type":"EntryPoint","urlTemplate":"https:\/\/www.poggio.cc\/?s={search_term_string}"},"query-input":{"@type":"PropertyValueSpecification","valueRequired":true,"valueName":"search_term_string"}}],"inLanguage":"fr-FR"},{"@type":"Organization","@id":"https:\/\/www.poggio.cc\/#organization","name":"POGGIO","url":"https:\/\/www.poggio.cc\/","logo":{"@type":"ImageObject","inLanguage":"fr-FR","@id":"https:\/\/www.poggio.cc\/#\/schema\/logo\/image\/","url":"https:\/\/www.poggio.cc\/wp-content\/uploads\/2021\/12\/POGGIO-LOGO.svg","contentUrl":"https:\/\/www.poggio.cc\/wp-content\/uploads\/2021\/12\/POGGIO-LOGO.svg","width":561,"height":115,"caption":"POGGIO"},"image":{"@id":"https:\/\/www.poggio.cc\/#\/schema\/logo\/image\/"}}]}},"jetpack_sharing_enabled":true,"_links":{"self":[{"href":"https:\/\/www.poggio.cc\/fr\/wp-json\/wp\/v2\/product\/13452","targetHints":{"allow":["GET"]}}],"collection":[{"href":"https:\/\/www.poggio.cc\/fr\/wp-json\/wp\/v2\/product"}],"about":[{"href":"https:\/\/www.poggio.cc\/fr\/wp-json\/wp\/v2\/types\/product"}],"replies":[{"embeddable":true,"href":"https:\/\/www.poggio.cc\/fr\/wp-json\/wp\/v2\/comments?post=13452"}],"wp:featuredmedia":[{"embeddable":true,"href":"https:\/\/www.poggio.cc\/fr\/wp-json\/wp\/v2\/media\/13471"}],"wp:attachment":[{"href":"https:\/\/www.poggio.cc\/fr\/wp-json\/wp\/v2\/media?parent=13452"}],"wp:term":[{"taxonomy":"product_cat","embeddable":true,"href":"https:\/\/www.poggio.cc\/fr\/wp-json\/wp\/v2\/product_cat?post=13452"},{"taxonomy":"product_tag","embeddable":true,"href":"https:\/\/www.poggio.cc\/fr\/wp-json\/wp\/v2\/product_tag?post=13452"}],"curies":[{"name":"wp","href":"https:\/\/api.w.org\/{rel}","templated":true}]}}