{"id":6644,"date":"2023-12-22T21:14:09","date_gmt":"2023-12-22T20:14:09","guid":{"rendered":"https:\/\/www.poggio.cc\/?post_type=product&#038;p=6644"},"modified":"2025-05-10T05:22:21","modified_gmt":"2025-05-10T03:22:21","slug":"poggio-manchettes-mi-saison","status":"publish","type":"product","link":"https:\/\/www.poggio.cc\/fr\/produit\/poggio-manchettes-mi-saison\/","title":{"rendered":"Poggio Manchettes Mi-Saison"},"content":{"rendered":"<p>Les manchettes mi-saison haut de gamme Poggio sont l&rsquo;accessoire essentiel pour rouler au chaud lors de vos sorties matinal un peu fraiches.<\/p>\n<h6><em><strong>D\u00e9tails:<\/strong><\/em><\/h6>\n<ul>\n<li>Tissu haut de gamme respirant.<\/li>\n<li>Haute \u00e9vacuation de l&rsquo;humidit\u00e9<\/li>\n<li>Design classe et \u00e9pur\u00e9<\/li>\n<li>Performance et confort guaranties<\/li>\n<li>Logos imprim\u00e9s<\/li>\n<li>\n<p style=\"font-weight: 400;\">Bande silicone sur le haut du bras pour un maintien parfait<\/p>\n<\/li>\n<\/ul>\n<h6><em><strong>Entetien:<\/strong><\/em><\/h6>\n<ul>\n<li>Laver \u00e0 l&rsquo;envers<\/li>\n<li>Lavage en machine \u00e0 30\u00b0C uniquement<\/li>\n<li>Ne pas utiliser d&rsquo;adoucissant<\/li>\n<li>Faire s\u00e9cher \u00e0 l&rsquo;envers<\/li>\n<li>Ne pas s\u00e9cher au s\u00e8che-linge ou proche d&rsquo;un radiateur<\/li>\n<li>Ne pas nettoyer \u00e0 sec<\/li>\n<li>Ne pas repasser<\/li>\n<\/ul>\n","protected":false},"excerpt":{"rendered":"<p>Les manchettes mi-saison haut de gamme Poggio sont l&rsquo;accessoire essentiel pour rouler au chaud lors de vos sorties matinal un peu fraiches. D\u00e9tails: Tissu haut de gamme respirant. Haute \u00e9vacuation de l&rsquo;humidit\u00e9 Design classe et \u00e9pur\u00e9 Performance et confort guaranties Logos imprim\u00e9s Bande silicone sur le haut du bras pour un maintien parfait Entetien: Laver [&hellip;]<\/p>\n","protected":false},"featured_media":6645,"comment_status":"open","ping_status":"closed","template":"","meta":{"inline_featured_image":false},"product_cat":[263,236],"product_tag":[],"class_list":{"0":"post-6644","1":"product","2":"type-product","3":"status-publish","4":"has-post-thumbnail","6":"product_cat-jambiere-et-manchettes-femmes","7":"product_cat-jambieres-et-manchettes-hommes","9":"first","10":"instock","11":"taxable","12":"shipping-taxable","13":"purchasable","14":"product-type-variable"},"yoast_head":"<!-- This site is optimized with the Yoast SEO plugin v27.0 - https:\/\/yoast.com\/product\/yoast-seo-wordpress\/ -->\n<title>Poggio Manchettes Mi-Saison - POGGIO<\/title>\n<meta name=\"robots\" content=\"index, follow, max-snippet:-1, max-image-preview:large, max-video-preview:-1\" \/>\n<link rel=\"canonical\" href=\"https:\/\/www.poggio.cc\/fr\/produit\/poggio-manchettes-mi-saison\/\" \/>\n<meta property=\"og:locale\" content=\"fr_FR\" \/>\n<meta property=\"og:type\" content=\"article\" \/>\n<meta property=\"og:title\" content=\"Poggio Manchettes Mi-Saison - POGGIO\" \/>\n<meta property=\"og:description\" content=\"Les manchettes mi-saison haut de gamme Poggio sont l&rsquo;accessoire essentiel pour rouler au chaud lors de vos sorties matinal un peu fraiches. D\u00e9tails: Tissu haut de gamme respirant. Haute \u00e9vacuation de l&rsquo;humidit\u00e9 Design classe et \u00e9pur\u00e9 Performance et confort guaranties Logos imprim\u00e9s Bande silicone sur le haut du bras pour un maintien parfait Entetien: Laver [&hellip;]\" \/>\n<meta property=\"og:url\" content=\"https:\/\/www.poggio.cc\/fr\/produit\/poggio-manchettes-mi-saison\/\" \/>\n<meta property=\"og:site_name\" content=\"POGGIO\" \/>\n<meta property=\"article:modified_time\" content=\"2025-05-10T03:22:21+00:00\" \/>\n<meta property=\"og:image\" content=\"https:\/\/www.poggio.cc\/wp-content\/uploads\/2023\/12\/01.jpg\" \/>\n\t<meta property=\"og:image:width\" content=\"1600\" \/>\n\t<meta property=\"og:image:height\" content=\"1600\" \/>\n\t<meta property=\"og:image:type\" content=\"image\/jpeg\" \/>\n<meta name=\"twitter:card\" content=\"summary_large_image\" \/>\n<meta name=\"twitter:label1\" content=\"Dur\u00e9e de lecture estim\u00e9e\" \/>\n\t<meta name=\"twitter:data1\" content=\"1 minute\" \/>\n<script type=\"application\/ld+json\" class=\"yoast-schema-graph\">{\"@context\":\"https:\/\/schema.org\",\"@graph\":[{\"@type\":\"WebPage\",\"@id\":\"https:\/\/www.poggio.cc\/fr\/produit\/poggio-manchettes-mi-saison\/\",\"url\":\"https:\/\/www.poggio.cc\/fr\/produit\/poggio-manchettes-mi-saison\/\",\"name\":\"Poggio Manchettes Mi-Saison - POGGIO\",\"isPartOf\":{\"@id\":\"https:\/\/www.poggio.cc\/#website\"},\"primaryImageOfPage\":{\"@id\":\"https:\/\/www.poggio.cc\/fr\/produit\/poggio-manchettes-mi-saison\/#primaryimage\"},\"image\":{\"@id\":\"https:\/\/www.poggio.cc\/fr\/produit\/poggio-manchettes-mi-saison\/#primaryimage\"},\"thumbnailUrl\":\"https:\/\/www.poggio.cc\/wp-content\/uploads\/2023\/12\/01.jpg\",\"datePublished\":\"2023-12-22T20:14:09+00:00\",\"dateModified\":\"2025-05-10T03:22:21+00:00\",\"breadcrumb\":{\"@id\":\"https:\/\/www.poggio.cc\/fr\/produit\/poggio-manchettes-mi-saison\/#breadcrumb\"},\"inLanguage\":\"fr-FR\",\"potentialAction\":[{\"@type\":\"ReadAction\",\"target\":[\"https:\/\/www.poggio.cc\/fr\/produit\/poggio-manchettes-mi-saison\/\"]}]},{\"@type\":\"ImageObject\",\"inLanguage\":\"fr-FR\",\"@id\":\"https:\/\/www.poggio.cc\/fr\/produit\/poggio-manchettes-mi-saison\/#primaryimage\",\"url\":\"https:\/\/www.poggio.cc\/wp-content\/uploads\/2023\/12\/01.jpg\",\"contentUrl\":\"https:\/\/www.poggio.cc\/wp-content\/uploads\/2023\/12\/01.jpg\",\"width\":1600,\"height\":1600},{\"@type\":\"BreadcrumbList\",\"@id\":\"https:\/\/www.poggio.cc\/fr\/produit\/poggio-manchettes-mi-saison\/#breadcrumb\",\"itemListElement\":[{\"@type\":\"ListItem\",\"position\":1,\"name\":\"Home\",\"item\":\"https:\/\/www.poggio.cc\/fr\/\"},{\"@type\":\"ListItem\",\"position\":2,\"name\":\"Shop\",\"item\":\"https:\/\/www.poggio.cc\/fr\/shop-2\/\"},{\"@type\":\"ListItem\",\"position\":3,\"name\":\"Poggio Manchettes Mi-Saison\"}]},{\"@type\":\"WebSite\",\"@id\":\"https:\/\/www.poggio.cc\/#website\",\"url\":\"https:\/\/www.poggio.cc\/\",\"name\":\"POGGIO\",\"description\":\"Premium Cycling Clothing\",\"publisher\":{\"@id\":\"https:\/\/www.poggio.cc\/#organization\"},\"potentialAction\":[{\"@type\":\"SearchAction\",\"target\":{\"@type\":\"EntryPoint\",\"urlTemplate\":\"https:\/\/www.poggio.cc\/?s={search_term_string}\"},\"query-input\":{\"@type\":\"PropertyValueSpecification\",\"valueRequired\":true,\"valueName\":\"search_term_string\"}}],\"inLanguage\":\"fr-FR\"},{\"@type\":\"Organization\",\"@id\":\"https:\/\/www.poggio.cc\/#organization\",\"name\":\"POGGIO\",\"url\":\"https:\/\/www.poggio.cc\/\",\"logo\":{\"@type\":\"ImageObject\",\"inLanguage\":\"fr-FR\",\"@id\":\"https:\/\/www.poggio.cc\/#\/schema\/logo\/image\/\",\"url\":\"https:\/\/www.poggio.cc\/wp-content\/uploads\/2021\/12\/POGGIO-LOGO.svg\",\"contentUrl\":\"https:\/\/www.poggio.cc\/wp-content\/uploads\/2021\/12\/POGGIO-LOGO.svg\",\"width\":561,\"height\":115,\"caption\":\"POGGIO\"},\"image\":{\"@id\":\"https:\/\/www.poggio.cc\/#\/schema\/logo\/image\/\"}}]}<\/script>\n<!-- \/ Yoast SEO plugin. -->","yoast_head_json":{"title":"Poggio Manchettes Mi-Saison - POGGIO","robots":{"index":"index","follow":"follow","max-snippet":"max-snippet:-1","max-image-preview":"max-image-preview:large","max-video-preview":"max-video-preview:-1"},"canonical":"https:\/\/www.poggio.cc\/fr\/produit\/poggio-manchettes-mi-saison\/","og_locale":"fr_FR","og_type":"article","og_title":"Poggio Manchettes Mi-Saison - POGGIO","og_description":"Les manchettes mi-saison haut de gamme Poggio sont l&rsquo;accessoire essentiel pour rouler au chaud lors de vos sorties matinal un peu fraiches. D\u00e9tails: Tissu haut de gamme respirant. Haute \u00e9vacuation de l&rsquo;humidit\u00e9 Design classe et \u00e9pur\u00e9 Performance et confort guaranties Logos imprim\u00e9s Bande silicone sur le haut du bras pour un maintien parfait Entetien: Laver [&hellip;]","og_url":"https:\/\/www.poggio.cc\/fr\/produit\/poggio-manchettes-mi-saison\/","og_site_name":"POGGIO","article_modified_time":"2025-05-10T03:22:21+00:00","og_image":[{"width":1600,"height":1600,"url":"https:\/\/www.poggio.cc\/wp-content\/uploads\/2023\/12\/01.jpg","type":"image\/jpeg"}],"twitter_card":"summary_large_image","twitter_misc":{"Dur\u00e9e de lecture estim\u00e9e":"1 minute"},"schema":{"@context":"https:\/\/schema.org","@graph":[{"@type":"WebPage","@id":"https:\/\/www.poggio.cc\/fr\/produit\/poggio-manchettes-mi-saison\/","url":"https:\/\/www.poggio.cc\/fr\/produit\/poggio-manchettes-mi-saison\/","name":"Poggio Manchettes Mi-Saison - POGGIO","isPartOf":{"@id":"https:\/\/www.poggio.cc\/#website"},"primaryImageOfPage":{"@id":"https:\/\/www.poggio.cc\/fr\/produit\/poggio-manchettes-mi-saison\/#primaryimage"},"image":{"@id":"https:\/\/www.poggio.cc\/fr\/produit\/poggio-manchettes-mi-saison\/#primaryimage"},"thumbnailUrl":"https:\/\/www.poggio.cc\/wp-content\/uploads\/2023\/12\/01.jpg","datePublished":"2023-12-22T20:14:09+00:00","dateModified":"2025-05-10T03:22:21+00:00","breadcrumb":{"@id":"https:\/\/www.poggio.cc\/fr\/produit\/poggio-manchettes-mi-saison\/#breadcrumb"},"inLanguage":"fr-FR","potentialAction":[{"@type":"ReadAction","target":["https:\/\/www.poggio.cc\/fr\/produit\/poggio-manchettes-mi-saison\/"]}]},{"@type":"ImageObject","inLanguage":"fr-FR","@id":"https:\/\/www.poggio.cc\/fr\/produit\/poggio-manchettes-mi-saison\/#primaryimage","url":"https:\/\/www.poggio.cc\/wp-content\/uploads\/2023\/12\/01.jpg","contentUrl":"https:\/\/www.poggio.cc\/wp-content\/uploads\/2023\/12\/01.jpg","width":1600,"height":1600},{"@type":"BreadcrumbList","@id":"https:\/\/www.poggio.cc\/fr\/produit\/poggio-manchettes-mi-saison\/#breadcrumb","itemListElement":[{"@type":"ListItem","position":1,"name":"Home","item":"https:\/\/www.poggio.cc\/fr\/"},{"@type":"ListItem","position":2,"name":"Shop","item":"https:\/\/www.poggio.cc\/fr\/shop-2\/"},{"@type":"ListItem","position":3,"name":"Poggio Manchettes Mi-Saison"}]},{"@type":"WebSite","@id":"https:\/\/www.poggio.cc\/#website","url":"https:\/\/www.poggio.cc\/","name":"POGGIO","description":"Premium Cycling Clothing","publisher":{"@id":"https:\/\/www.poggio.cc\/#organization"},"potentialAction":[{"@type":"SearchAction","target":{"@type":"EntryPoint","urlTemplate":"https:\/\/www.poggio.cc\/?s={search_term_string}"},"query-input":{"@type":"PropertyValueSpecification","valueRequired":true,"valueName":"search_term_string"}}],"inLanguage":"fr-FR"},{"@type":"Organization","@id":"https:\/\/www.poggio.cc\/#organization","name":"POGGIO","url":"https:\/\/www.poggio.cc\/","logo":{"@type":"ImageObject","inLanguage":"fr-FR","@id":"https:\/\/www.poggio.cc\/#\/schema\/logo\/image\/","url":"https:\/\/www.poggio.cc\/wp-content\/uploads\/2021\/12\/POGGIO-LOGO.svg","contentUrl":"https:\/\/www.poggio.cc\/wp-content\/uploads\/2021\/12\/POGGIO-LOGO.svg","width":561,"height":115,"caption":"POGGIO"},"image":{"@id":"https:\/\/www.poggio.cc\/#\/schema\/logo\/image\/"}}]}},"jetpack_sharing_enabled":true,"_links":{"self":[{"href":"https:\/\/www.poggio.cc\/fr\/wp-json\/wp\/v2\/product\/6644","targetHints":{"allow":["GET"]}}],"collection":[{"href":"https:\/\/www.poggio.cc\/fr\/wp-json\/wp\/v2\/product"}],"about":[{"href":"https:\/\/www.poggio.cc\/fr\/wp-json\/wp\/v2\/types\/product"}],"replies":[{"embeddable":true,"href":"https:\/\/www.poggio.cc\/fr\/wp-json\/wp\/v2\/comments?post=6644"}],"wp:featuredmedia":[{"embeddable":true,"href":"https:\/\/www.poggio.cc\/fr\/wp-json\/wp\/v2\/media\/6645"}],"wp:attachment":[{"href":"https:\/\/www.poggio.cc\/fr\/wp-json\/wp\/v2\/media?parent=6644"}],"wp:term":[{"taxonomy":"product_cat","embeddable":true,"href":"https:\/\/www.poggio.cc\/fr\/wp-json\/wp\/v2\/product_cat?post=6644"},{"taxonomy":"product_tag","embeddable":true,"href":"https:\/\/www.poggio.cc\/fr\/wp-json\/wp\/v2\/product_tag?post=6644"}],"curies":[{"name":"wp","href":"https:\/\/api.w.org\/{rel}","templated":true}]}}