{"id":7014,"date":"2024-03-25T09:16:41","date_gmt":"2024-03-25T08:16:41","guid":{"rendered":"https:\/\/www.poggio.cc\/?post_type=product&#038;p=7014"},"modified":"2026-04-08T15:41:12","modified_gmt":"2026-04-08T13:41:12","slug":"poggio-maillot-cycliste-performance","status":"publish","type":"product","link":"https:\/\/www.poggio.cc\/fr\/produit\/poggio-maillot-cycliste-performance\/","title":{"rendered":"Maillot Cycliste ORD"},"content":{"rendered":"<h4>Maillot Cycliste Poggio ORD \u2013 Blanc<\/h4>\n<p>Ultra l\u00e9ger et a\u00e9ro, le maillot cycliste ORD \u00e0 manches courtes de POGGIO allie \u00e0 la fois l&rsquo;elegance et l&rsquo;efficacit\u00e9, sa ligne pure et ses finitions soign\u00e9es en font un classique incontournable.<\/p>\n<h6><em><strong>D\u00e9tail:<\/strong><\/em><\/h6>\n<ul>\n<li>Coupe A\u00e9ro, seconde peau<\/li>\n<li>Manches ultra light et r\u00e9spirantes<\/li>\n<li>Trois poches plus une quatri\u00e8me avec fermeture eclair pour vos cl\u00e9s<\/li>\n<li>Fermeture \u00e9clair YKK<\/li>\n<li>Bande \u00e9lastique silicone \u00e0 la taille<\/li>\n<li>Con\u00e7u en France, fabriqu\u00e9 en Europe<\/li>\n<\/ul>\n<h6><em><strong>Entetien:<\/strong><\/em><\/h6>\n<ul>\n<li>Lavage en machine \u00e0 30\u00b0C uniquement<\/li>\n<li>Laver \u00e0 l&rsquo;envers avec les fermetures ferm\u00e9es<\/li>\n<li>Ne pas utiliser d&rsquo;adoucissant<\/li>\n<li>Ne pas nettoyer \u00e0 sec<\/li>\n<li>Ne pas mette au s\u00e8che linge ou proche d&rsquo;un radiateur<\/li>\n<li>Faire s\u00e9cher \u00e0 l&rsquo;envers et \u00e0 l&rsquo;abris du soleil<\/li>\n<li>Ne pas repasser<\/li>\n<\/ul>\n<p><img fetchpriority=\"high\" decoding=\"async\" class=\"alignnone size-full wp-image-5308\" src=\"https:\/\/www.poggio.cc\/wp-content\/uploads\/2023\/04\/SIZE-GUIDE-web.jpg\" alt=\"\" width=\"500\" height=\"425\" srcset=\"https:\/\/www.poggio.cc\/wp-content\/uploads\/2023\/04\/SIZE-GUIDE-web.jpg 500w, https:\/\/www.poggio.cc\/wp-content\/uploads\/2023\/04\/SIZE-GUIDE-web-300x255.jpg 300w\" sizes=\"(max-width: 500px) 100vw, 500px\" \/><\/p>\n","protected":false},"excerpt":{"rendered":"<p>Maillot Cycliste Poggio ORD \u2013 Blanc Ultra l\u00e9ger et a\u00e9ro, le maillot cycliste ORD \u00e0 manches courtes de POGGIO allie \u00e0 la fois l&rsquo;elegance et l&rsquo;efficacit\u00e9, sa ligne pure et ses finitions soign\u00e9es en font un classique incontournable. D\u00e9tail: Coupe A\u00e9ro, seconde peau Manches ultra light et r\u00e9spirantes Trois poches plus une quatri\u00e8me avec fermeture [&hellip;]<\/p>\n","protected":false},"featured_media":7024,"comment_status":"open","ping_status":"closed","template":"","meta":{"inline_featured_image":false},"product_cat":[268],"product_tag":[],"class_list":{"0":"post-7014","1":"product","2":"type-product","3":"status-publish","4":"has-post-thumbnail","6":"product_brand-poggio","7":"product_cat-maillots","9":"first","10":"instock","11":"taxable","12":"shipping-taxable","13":"purchasable","14":"product-type-variable"},"yoast_head":"<!-- This site is optimized with the Yoast SEO plugin v27.0 - https:\/\/yoast.com\/product\/yoast-seo-wordpress\/ -->\n<title>Maillot Cycliste ORD - POGGIO<\/title>\n<meta name=\"description\" content=\"Poggio maillot cycliste blanc fabriqu\u00e9 en Italie\" \/>\n<meta name=\"robots\" content=\"index, follow, max-snippet:-1, max-image-preview:large, max-video-preview:-1\" \/>\n<link rel=\"canonical\" href=\"https:\/\/www.poggio.cc\/fr\/produit\/poggio-maillot-cycliste-performance\/\" \/>\n<meta property=\"og:locale\" content=\"fr_FR\" \/>\n<meta property=\"og:type\" content=\"article\" \/>\n<meta property=\"og:title\" content=\"Maillot Cycliste ORD - POGGIO\" \/>\n<meta property=\"og:description\" content=\"Poggio maillot cycliste blanc fabriqu\u00e9 en Italie\" \/>\n<meta property=\"og:url\" content=\"https:\/\/www.poggio.cc\/fr\/produit\/poggio-maillot-cycliste-performance\/\" \/>\n<meta property=\"og:site_name\" content=\"POGGIO\" \/>\n<meta property=\"article:modified_time\" content=\"2026-04-08T13:41:12+00:00\" \/>\n<meta property=\"og:image\" content=\"https:\/\/www.poggio.cc\/wp-content\/uploads\/2024\/03\/poggio-white-cycling-jersey-1-scaled.jpg\" \/>\n\t<meta property=\"og:image:width\" content=\"2560\" \/>\n\t<meta property=\"og:image:height\" content=\"2560\" \/>\n\t<meta property=\"og:image:type\" content=\"image\/jpeg\" \/>\n<meta name=\"twitter:card\" content=\"summary_large_image\" \/>\n<meta name=\"twitter:label1\" content=\"Dur\u00e9e de lecture estim\u00e9e\" \/>\n\t<meta name=\"twitter:data1\" content=\"1 minute\" \/>\n<script type=\"application\/ld+json\" class=\"yoast-schema-graph\">{\"@context\":\"https:\/\/schema.org\",\"@graph\":[{\"@type\":\"WebPage\",\"@id\":\"https:\/\/www.poggio.cc\/fr\/produit\/poggio-maillot-cycliste-performance\/\",\"url\":\"https:\/\/www.poggio.cc\/fr\/produit\/poggio-maillot-cycliste-performance\/\",\"name\":\"Maillot Cycliste ORD - POGGIO\",\"isPartOf\":{\"@id\":\"https:\/\/www.poggio.cc\/#website\"},\"primaryImageOfPage\":{\"@id\":\"https:\/\/www.poggio.cc\/fr\/produit\/poggio-maillot-cycliste-performance\/#primaryimage\"},\"image\":{\"@id\":\"https:\/\/www.poggio.cc\/fr\/produit\/poggio-maillot-cycliste-performance\/#primaryimage\"},\"thumbnailUrl\":\"https:\/\/www.poggio.cc\/wp-content\/uploads\/2024\/03\/poggio-white-cycling-jersey-1-scaled.jpg\",\"datePublished\":\"2024-03-25T08:16:41+00:00\",\"dateModified\":\"2026-04-08T13:41:12+00:00\",\"description\":\"Poggio maillot cycliste blanc fabriqu\u00e9 en Italie\",\"breadcrumb\":{\"@id\":\"https:\/\/www.poggio.cc\/fr\/produit\/poggio-maillot-cycliste-performance\/#breadcrumb\"},\"inLanguage\":\"fr-FR\",\"potentialAction\":[{\"@type\":\"ReadAction\",\"target\":[\"https:\/\/www.poggio.cc\/fr\/produit\/poggio-maillot-cycliste-performance\/\"]}]},{\"@type\":\"ImageObject\",\"inLanguage\":\"fr-FR\",\"@id\":\"https:\/\/www.poggio.cc\/fr\/produit\/poggio-maillot-cycliste-performance\/#primaryimage\",\"url\":\"https:\/\/www.poggio.cc\/wp-content\/uploads\/2024\/03\/poggio-white-cycling-jersey-1-scaled.jpg\",\"contentUrl\":\"https:\/\/www.poggio.cc\/wp-content\/uploads\/2024\/03\/poggio-white-cycling-jersey-1-scaled.jpg\",\"width\":2560,\"height\":2560},{\"@type\":\"BreadcrumbList\",\"@id\":\"https:\/\/www.poggio.cc\/fr\/produit\/poggio-maillot-cycliste-performance\/#breadcrumb\",\"itemListElement\":[{\"@type\":\"ListItem\",\"position\":1,\"name\":\"Home\",\"item\":\"https:\/\/www.poggio.cc\/fr\/\"},{\"@type\":\"ListItem\",\"position\":2,\"name\":\"Shop\",\"item\":\"https:\/\/www.poggio.cc\/fr\/shop-2\/\"},{\"@type\":\"ListItem\",\"position\":3,\"name\":\"Maillot Cycliste ORD\"}]},{\"@type\":\"WebSite\",\"@id\":\"https:\/\/www.poggio.cc\/#website\",\"url\":\"https:\/\/www.poggio.cc\/\",\"name\":\"POGGIO\",\"description\":\"Premium Cycling Clothing\",\"publisher\":{\"@id\":\"https:\/\/www.poggio.cc\/#organization\"},\"potentialAction\":[{\"@type\":\"SearchAction\",\"target\":{\"@type\":\"EntryPoint\",\"urlTemplate\":\"https:\/\/www.poggio.cc\/?s={search_term_string}\"},\"query-input\":{\"@type\":\"PropertyValueSpecification\",\"valueRequired\":true,\"valueName\":\"search_term_string\"}}],\"inLanguage\":\"fr-FR\"},{\"@type\":\"Organization\",\"@id\":\"https:\/\/www.poggio.cc\/#organization\",\"name\":\"POGGIO\",\"url\":\"https:\/\/www.poggio.cc\/\",\"logo\":{\"@type\":\"ImageObject\",\"inLanguage\":\"fr-FR\",\"@id\":\"https:\/\/www.poggio.cc\/#\/schema\/logo\/image\/\",\"url\":\"https:\/\/www.poggio.cc\/wp-content\/uploads\/2021\/12\/POGGIO-LOGO.svg\",\"contentUrl\":\"https:\/\/www.poggio.cc\/wp-content\/uploads\/2021\/12\/POGGIO-LOGO.svg\",\"width\":561,\"height\":115,\"caption\":\"POGGIO\"},\"image\":{\"@id\":\"https:\/\/www.poggio.cc\/#\/schema\/logo\/image\/\"}}]}<\/script>\n<!-- \/ Yoast SEO plugin. -->","yoast_head_json":{"title":"Maillot Cycliste ORD - POGGIO","description":"Poggio maillot cycliste blanc fabriqu\u00e9 en Italie","robots":{"index":"index","follow":"follow","max-snippet":"max-snippet:-1","max-image-preview":"max-image-preview:large","max-video-preview":"max-video-preview:-1"},"canonical":"https:\/\/www.poggio.cc\/fr\/produit\/poggio-maillot-cycliste-performance\/","og_locale":"fr_FR","og_type":"article","og_title":"Maillot Cycliste ORD - POGGIO","og_description":"Poggio maillot cycliste blanc fabriqu\u00e9 en Italie","og_url":"https:\/\/www.poggio.cc\/fr\/produit\/poggio-maillot-cycliste-performance\/","og_site_name":"POGGIO","article_modified_time":"2026-04-08T13:41:12+00:00","og_image":[{"width":2560,"height":2560,"url":"https:\/\/www.poggio.cc\/wp-content\/uploads\/2024\/03\/poggio-white-cycling-jersey-1-scaled.jpg","type":"image\/jpeg"}],"twitter_card":"summary_large_image","twitter_misc":{"Dur\u00e9e de lecture estim\u00e9e":"1 minute"},"schema":{"@context":"https:\/\/schema.org","@graph":[{"@type":"WebPage","@id":"https:\/\/www.poggio.cc\/fr\/produit\/poggio-maillot-cycliste-performance\/","url":"https:\/\/www.poggio.cc\/fr\/produit\/poggio-maillot-cycliste-performance\/","name":"Maillot Cycliste ORD - POGGIO","isPartOf":{"@id":"https:\/\/www.poggio.cc\/#website"},"primaryImageOfPage":{"@id":"https:\/\/www.poggio.cc\/fr\/produit\/poggio-maillot-cycliste-performance\/#primaryimage"},"image":{"@id":"https:\/\/www.poggio.cc\/fr\/produit\/poggio-maillot-cycliste-performance\/#primaryimage"},"thumbnailUrl":"https:\/\/www.poggio.cc\/wp-content\/uploads\/2024\/03\/poggio-white-cycling-jersey-1-scaled.jpg","datePublished":"2024-03-25T08:16:41+00:00","dateModified":"2026-04-08T13:41:12+00:00","description":"Poggio maillot cycliste blanc fabriqu\u00e9 en Italie","breadcrumb":{"@id":"https:\/\/www.poggio.cc\/fr\/produit\/poggio-maillot-cycliste-performance\/#breadcrumb"},"inLanguage":"fr-FR","potentialAction":[{"@type":"ReadAction","target":["https:\/\/www.poggio.cc\/fr\/produit\/poggio-maillot-cycliste-performance\/"]}]},{"@type":"ImageObject","inLanguage":"fr-FR","@id":"https:\/\/www.poggio.cc\/fr\/produit\/poggio-maillot-cycliste-performance\/#primaryimage","url":"https:\/\/www.poggio.cc\/wp-content\/uploads\/2024\/03\/poggio-white-cycling-jersey-1-scaled.jpg","contentUrl":"https:\/\/www.poggio.cc\/wp-content\/uploads\/2024\/03\/poggio-white-cycling-jersey-1-scaled.jpg","width":2560,"height":2560},{"@type":"BreadcrumbList","@id":"https:\/\/www.poggio.cc\/fr\/produit\/poggio-maillot-cycliste-performance\/#breadcrumb","itemListElement":[{"@type":"ListItem","position":1,"name":"Home","item":"https:\/\/www.poggio.cc\/fr\/"},{"@type":"ListItem","position":2,"name":"Shop","item":"https:\/\/www.poggio.cc\/fr\/shop-2\/"},{"@type":"ListItem","position":3,"name":"Maillot Cycliste ORD"}]},{"@type":"WebSite","@id":"https:\/\/www.poggio.cc\/#website","url":"https:\/\/www.poggio.cc\/","name":"POGGIO","description":"Premium Cycling Clothing","publisher":{"@id":"https:\/\/www.poggio.cc\/#organization"},"potentialAction":[{"@type":"SearchAction","target":{"@type":"EntryPoint","urlTemplate":"https:\/\/www.poggio.cc\/?s={search_term_string}"},"query-input":{"@type":"PropertyValueSpecification","valueRequired":true,"valueName":"search_term_string"}}],"inLanguage":"fr-FR"},{"@type":"Organization","@id":"https:\/\/www.poggio.cc\/#organization","name":"POGGIO","url":"https:\/\/www.poggio.cc\/","logo":{"@type":"ImageObject","inLanguage":"fr-FR","@id":"https:\/\/www.poggio.cc\/#\/schema\/logo\/image\/","url":"https:\/\/www.poggio.cc\/wp-content\/uploads\/2021\/12\/POGGIO-LOGO.svg","contentUrl":"https:\/\/www.poggio.cc\/wp-content\/uploads\/2021\/12\/POGGIO-LOGO.svg","width":561,"height":115,"caption":"POGGIO"},"image":{"@id":"https:\/\/www.poggio.cc\/#\/schema\/logo\/image\/"}}]}},"jetpack_sharing_enabled":true,"_links":{"self":[{"href":"https:\/\/www.poggio.cc\/fr\/wp-json\/wp\/v2\/product\/7014","targetHints":{"allow":["GET"]}}],"collection":[{"href":"https:\/\/www.poggio.cc\/fr\/wp-json\/wp\/v2\/product"}],"about":[{"href":"https:\/\/www.poggio.cc\/fr\/wp-json\/wp\/v2\/types\/product"}],"replies":[{"embeddable":true,"href":"https:\/\/www.poggio.cc\/fr\/wp-json\/wp\/v2\/comments?post=7014"}],"wp:featuredmedia":[{"embeddable":true,"href":"https:\/\/www.poggio.cc\/fr\/wp-json\/wp\/v2\/media\/7024"}],"wp:attachment":[{"href":"https:\/\/www.poggio.cc\/fr\/wp-json\/wp\/v2\/media?parent=7014"}],"wp:term":[{"taxonomy":"product_cat","embeddable":true,"href":"https:\/\/www.poggio.cc\/fr\/wp-json\/wp\/v2\/product_cat?post=7014"},{"taxonomy":"product_tag","embeddable":true,"href":"https:\/\/www.poggio.cc\/fr\/wp-json\/wp\/v2\/product_tag?post=7014"}],"curies":[{"name":"wp","href":"https:\/\/api.w.org\/{rel}","templated":true}]}}