{"id":7607,"date":"2024-07-06T00:02:09","date_gmt":"2024-07-05T22:02:09","guid":{"rendered":"https:\/\/www.poggio.cc\/?post_type=product&#038;p=7607"},"modified":"2026-04-25T08:37:43","modified_gmt":"2026-04-25T06:37:43","slug":"chaussettes-aero-unisex-bleu-metal","status":"publish","type":"product","link":"https:\/\/www.poggio.cc\/fr\/produit\/chaussettes-aero-unisex-bleu-metal\/","title":{"rendered":"Chaussettes A\u00e9ro Unisex &#8211; Bleu M\u00e9tal"},"content":{"rendered":"<p>Chaque d\u00e9tail compte. Conception Poggio, ces chaussettes hautes selon les normes UCI, avec un tissu perfor\u00e9 \u00e0 faible r\u00e9sistance au vent, qui offre une r\u00e9gulation optimale de la temp\u00e9rature. L&rsquo;impression en silicone \u00e0 l&rsquo;int\u00e9rieur assure l&rsquo;adh\u00e9rence, cr\u00e9ant un effet seconde peau pour un a\u00e9rodynamisme parfait.<\/p>\n<p>Entretien:<\/p>\n<ul>\n<li>Ne pas nettoyer \u00e0 sec.<\/li>\n<li>Laver \u00e0 l&rsquo;eau froide, avec un d\u00e9tergent neutre et sans assouplissant.<\/li>\n<li>Laver \u00e0 l&rsquo;envers, sinon des d\u00e9collements peuvent appara\u00eetre sur certains tissus.<\/li>\n<li>Utilisez le sac de lavage dans la mesure du possible et utilisez la charge minimale de linge dans la machine \u00e0 laver.<\/li>\n<li>Utilisez le programme d\u00e9licat ou essorez \u00e0 la vitesse la plus basse possible.<\/li>\n<li>Faites s\u00e9cher le v\u00eatement \u00e0 l&rsquo;envers et \u00e0 l&rsquo;ombre.<\/li>\n<li>Ne trempez pas le v\u00eatement et ne le tordez pas pour l&rsquo;essorer.<\/li>\n<li>Ne pas repasser.<\/li>\n<\/ul>\n","protected":false},"excerpt":{"rendered":"<p>Chaque d\u00e9tail compte. Conception Poggio, ces chaussettes hautes selon les normes UCI, avec un tissu perfor\u00e9 \u00e0 faible r\u00e9sistance au vent, qui offre une r\u00e9gulation optimale de la temp\u00e9rature. L&rsquo;impression en silicone \u00e0 l&rsquo;int\u00e9rieur assure l&rsquo;adh\u00e9rence, cr\u00e9ant un effet seconde peau pour un a\u00e9rodynamisme parfait. Entretien: Ne pas nettoyer \u00e0 sec. Laver \u00e0 l&rsquo;eau froide, [&hellip;]<\/p>\n","protected":false},"featured_media":7628,"comment_status":"open","ping_status":"closed","template":"","meta":{"inline_featured_image":false},"product_cat":[136,90],"product_tag":[],"class_list":{"0":"post-7607","1":"product","2":"type-product","3":"status-publish","4":"has-post-thumbnail","6":"product_cat-poggio-chaussettes-pour-femme","7":"product_cat-chaussettes-hommes","9":"first","10":"instock","11":"taxable","12":"shipping-taxable","13":"purchasable","14":"product-type-variable"},"yoast_head":"<!-- This site is optimized with the Yoast SEO plugin v27.0 - https:\/\/yoast.com\/product\/yoast-seo-wordpress\/ -->\n<title>Chaussettes A\u00e9ro Unisex - Bleu M\u00e9tal - POGGIO<\/title>\n<meta name=\"robots\" content=\"index, follow, max-snippet:-1, max-image-preview:large, max-video-preview:-1\" \/>\n<link rel=\"canonical\" href=\"https:\/\/www.poggio.cc\/fr\/produit\/chaussettes-aero-unisex-bleu-metal\/\" \/>\n<meta property=\"og:locale\" content=\"fr_FR\" \/>\n<meta property=\"og:type\" content=\"article\" \/>\n<meta property=\"og:title\" content=\"Chaussettes A\u00e9ro Unisex - Bleu M\u00e9tal - POGGIO\" \/>\n<meta property=\"og:description\" content=\"Chaque d\u00e9tail compte. Conception Poggio, ces chaussettes hautes selon les normes UCI, avec un tissu perfor\u00e9 \u00e0 faible r\u00e9sistance au vent, qui offre une r\u00e9gulation optimale de la temp\u00e9rature. L&rsquo;impression en silicone \u00e0 l&rsquo;int\u00e9rieur assure l&rsquo;adh\u00e9rence, cr\u00e9ant un effet seconde peau pour un a\u00e9rodynamisme parfait. Entretien: Ne pas nettoyer \u00e0 sec. Laver \u00e0 l&rsquo;eau froide, [&hellip;]\" \/>\n<meta property=\"og:url\" content=\"https:\/\/www.poggio.cc\/fr\/produit\/chaussettes-aero-unisex-bleu-metal\/\" \/>\n<meta property=\"og:site_name\" content=\"POGGIO\" \/>\n<meta property=\"article:modified_time\" content=\"2026-04-25T06:37:43+00:00\" \/>\n<meta property=\"og:image\" content=\"https:\/\/www.poggio.cc\/wp-content\/uploads\/2024\/07\/metalic-blue-socks.png\" \/>\n\t<meta property=\"og:image:width\" content=\"1101\" \/>\n\t<meta property=\"og:image:height\" content=\"987\" \/>\n\t<meta property=\"og:image:type\" content=\"image\/png\" \/>\n<meta name=\"twitter:card\" content=\"summary_large_image\" \/>\n<meta name=\"twitter:label1\" content=\"Dur\u00e9e de lecture estim\u00e9e\" \/>\n\t<meta name=\"twitter:data1\" content=\"1 minute\" \/>\n<script type=\"application\/ld+json\" class=\"yoast-schema-graph\">{\"@context\":\"https:\/\/schema.org\",\"@graph\":[{\"@type\":\"WebPage\",\"@id\":\"https:\/\/www.poggio.cc\/fr\/produit\/chaussettes-aero-unisex-bleu-metal\/\",\"url\":\"https:\/\/www.poggio.cc\/fr\/produit\/chaussettes-aero-unisex-bleu-metal\/\",\"name\":\"Chaussettes A\u00e9ro Unisex - Bleu M\u00e9tal - POGGIO\",\"isPartOf\":{\"@id\":\"https:\/\/www.poggio.cc\/#website\"},\"primaryImageOfPage\":{\"@id\":\"https:\/\/www.poggio.cc\/fr\/produit\/chaussettes-aero-unisex-bleu-metal\/#primaryimage\"},\"image\":{\"@id\":\"https:\/\/www.poggio.cc\/fr\/produit\/chaussettes-aero-unisex-bleu-metal\/#primaryimage\"},\"thumbnailUrl\":\"https:\/\/www.poggio.cc\/wp-content\/uploads\/2024\/07\/metalic-blue-socks.png\",\"datePublished\":\"2024-07-05T22:02:09+00:00\",\"dateModified\":\"2026-04-25T06:37:43+00:00\",\"breadcrumb\":{\"@id\":\"https:\/\/www.poggio.cc\/fr\/produit\/chaussettes-aero-unisex-bleu-metal\/#breadcrumb\"},\"inLanguage\":\"fr-FR\",\"potentialAction\":[{\"@type\":\"ReadAction\",\"target\":[\"https:\/\/www.poggio.cc\/fr\/produit\/chaussettes-aero-unisex-bleu-metal\/\"]}]},{\"@type\":\"ImageObject\",\"inLanguage\":\"fr-FR\",\"@id\":\"https:\/\/www.poggio.cc\/fr\/produit\/chaussettes-aero-unisex-bleu-metal\/#primaryimage\",\"url\":\"https:\/\/www.poggio.cc\/wp-content\/uploads\/2024\/07\/metalic-blue-socks.png\",\"contentUrl\":\"https:\/\/www.poggio.cc\/wp-content\/uploads\/2024\/07\/metalic-blue-socks.png\",\"width\":1101,\"height\":987},{\"@type\":\"BreadcrumbList\",\"@id\":\"https:\/\/www.poggio.cc\/fr\/produit\/chaussettes-aero-unisex-bleu-metal\/#breadcrumb\",\"itemListElement\":[{\"@type\":\"ListItem\",\"position\":1,\"name\":\"Home\",\"item\":\"https:\/\/www.poggio.cc\/fr\/\"},{\"@type\":\"ListItem\",\"position\":2,\"name\":\"Shop\",\"item\":\"https:\/\/www.poggio.cc\/fr\/shop-2\/\"},{\"@type\":\"ListItem\",\"position\":3,\"name\":\"Chaussettes A\u00e9ro Unisex &#8211; Bleu M\u00e9tal\"}]},{\"@type\":\"WebSite\",\"@id\":\"https:\/\/www.poggio.cc\/#website\",\"url\":\"https:\/\/www.poggio.cc\/\",\"name\":\"POGGIO\",\"description\":\"Premium Cycling Clothing\",\"publisher\":{\"@id\":\"https:\/\/www.poggio.cc\/#organization\"},\"potentialAction\":[{\"@type\":\"SearchAction\",\"target\":{\"@type\":\"EntryPoint\",\"urlTemplate\":\"https:\/\/www.poggio.cc\/?s={search_term_string}\"},\"query-input\":{\"@type\":\"PropertyValueSpecification\",\"valueRequired\":true,\"valueName\":\"search_term_string\"}}],\"inLanguage\":\"fr-FR\"},{\"@type\":\"Organization\",\"@id\":\"https:\/\/www.poggio.cc\/#organization\",\"name\":\"POGGIO\",\"url\":\"https:\/\/www.poggio.cc\/\",\"logo\":{\"@type\":\"ImageObject\",\"inLanguage\":\"fr-FR\",\"@id\":\"https:\/\/www.poggio.cc\/#\/schema\/logo\/image\/\",\"url\":\"https:\/\/www.poggio.cc\/wp-content\/uploads\/2021\/12\/POGGIO-LOGO.svg\",\"contentUrl\":\"https:\/\/www.poggio.cc\/wp-content\/uploads\/2021\/12\/POGGIO-LOGO.svg\",\"width\":561,\"height\":115,\"caption\":\"POGGIO\"},\"image\":{\"@id\":\"https:\/\/www.poggio.cc\/#\/schema\/logo\/image\/\"}}]}<\/script>\n<!-- \/ Yoast SEO plugin. -->","yoast_head_json":{"title":"Chaussettes A\u00e9ro Unisex - Bleu M\u00e9tal - POGGIO","robots":{"index":"index","follow":"follow","max-snippet":"max-snippet:-1","max-image-preview":"max-image-preview:large","max-video-preview":"max-video-preview:-1"},"canonical":"https:\/\/www.poggio.cc\/fr\/produit\/chaussettes-aero-unisex-bleu-metal\/","og_locale":"fr_FR","og_type":"article","og_title":"Chaussettes A\u00e9ro Unisex - Bleu M\u00e9tal - POGGIO","og_description":"Chaque d\u00e9tail compte. Conception Poggio, ces chaussettes hautes selon les normes UCI, avec un tissu perfor\u00e9 \u00e0 faible r\u00e9sistance au vent, qui offre une r\u00e9gulation optimale de la temp\u00e9rature. L&rsquo;impression en silicone \u00e0 l&rsquo;int\u00e9rieur assure l&rsquo;adh\u00e9rence, cr\u00e9ant un effet seconde peau pour un a\u00e9rodynamisme parfait. Entretien: Ne pas nettoyer \u00e0 sec. Laver \u00e0 l&rsquo;eau froide, [&hellip;]","og_url":"https:\/\/www.poggio.cc\/fr\/produit\/chaussettes-aero-unisex-bleu-metal\/","og_site_name":"POGGIO","article_modified_time":"2026-04-25T06:37:43+00:00","og_image":[{"width":1101,"height":987,"url":"https:\/\/www.poggio.cc\/wp-content\/uploads\/2024\/07\/metalic-blue-socks.png","type":"image\/png"}],"twitter_card":"summary_large_image","twitter_misc":{"Dur\u00e9e de lecture estim\u00e9e":"1 minute"},"schema":{"@context":"https:\/\/schema.org","@graph":[{"@type":"WebPage","@id":"https:\/\/www.poggio.cc\/fr\/produit\/chaussettes-aero-unisex-bleu-metal\/","url":"https:\/\/www.poggio.cc\/fr\/produit\/chaussettes-aero-unisex-bleu-metal\/","name":"Chaussettes A\u00e9ro Unisex - Bleu M\u00e9tal - POGGIO","isPartOf":{"@id":"https:\/\/www.poggio.cc\/#website"},"primaryImageOfPage":{"@id":"https:\/\/www.poggio.cc\/fr\/produit\/chaussettes-aero-unisex-bleu-metal\/#primaryimage"},"image":{"@id":"https:\/\/www.poggio.cc\/fr\/produit\/chaussettes-aero-unisex-bleu-metal\/#primaryimage"},"thumbnailUrl":"https:\/\/www.poggio.cc\/wp-content\/uploads\/2024\/07\/metalic-blue-socks.png","datePublished":"2024-07-05T22:02:09+00:00","dateModified":"2026-04-25T06:37:43+00:00","breadcrumb":{"@id":"https:\/\/www.poggio.cc\/fr\/produit\/chaussettes-aero-unisex-bleu-metal\/#breadcrumb"},"inLanguage":"fr-FR","potentialAction":[{"@type":"ReadAction","target":["https:\/\/www.poggio.cc\/fr\/produit\/chaussettes-aero-unisex-bleu-metal\/"]}]},{"@type":"ImageObject","inLanguage":"fr-FR","@id":"https:\/\/www.poggio.cc\/fr\/produit\/chaussettes-aero-unisex-bleu-metal\/#primaryimage","url":"https:\/\/www.poggio.cc\/wp-content\/uploads\/2024\/07\/metalic-blue-socks.png","contentUrl":"https:\/\/www.poggio.cc\/wp-content\/uploads\/2024\/07\/metalic-blue-socks.png","width":1101,"height":987},{"@type":"BreadcrumbList","@id":"https:\/\/www.poggio.cc\/fr\/produit\/chaussettes-aero-unisex-bleu-metal\/#breadcrumb","itemListElement":[{"@type":"ListItem","position":1,"name":"Home","item":"https:\/\/www.poggio.cc\/fr\/"},{"@type":"ListItem","position":2,"name":"Shop","item":"https:\/\/www.poggio.cc\/fr\/shop-2\/"},{"@type":"ListItem","position":3,"name":"Chaussettes A\u00e9ro Unisex &#8211; Bleu M\u00e9tal"}]},{"@type":"WebSite","@id":"https:\/\/www.poggio.cc\/#website","url":"https:\/\/www.poggio.cc\/","name":"POGGIO","description":"Premium Cycling Clothing","publisher":{"@id":"https:\/\/www.poggio.cc\/#organization"},"potentialAction":[{"@type":"SearchAction","target":{"@type":"EntryPoint","urlTemplate":"https:\/\/www.poggio.cc\/?s={search_term_string}"},"query-input":{"@type":"PropertyValueSpecification","valueRequired":true,"valueName":"search_term_string"}}],"inLanguage":"fr-FR"},{"@type":"Organization","@id":"https:\/\/www.poggio.cc\/#organization","name":"POGGIO","url":"https:\/\/www.poggio.cc\/","logo":{"@type":"ImageObject","inLanguage":"fr-FR","@id":"https:\/\/www.poggio.cc\/#\/schema\/logo\/image\/","url":"https:\/\/www.poggio.cc\/wp-content\/uploads\/2021\/12\/POGGIO-LOGO.svg","contentUrl":"https:\/\/www.poggio.cc\/wp-content\/uploads\/2021\/12\/POGGIO-LOGO.svg","width":561,"height":115,"caption":"POGGIO"},"image":{"@id":"https:\/\/www.poggio.cc\/#\/schema\/logo\/image\/"}}]}},"jetpack_sharing_enabled":true,"_links":{"self":[{"href":"https:\/\/www.poggio.cc\/fr\/wp-json\/wp\/v2\/product\/7607","targetHints":{"allow":["GET"]}}],"collection":[{"href":"https:\/\/www.poggio.cc\/fr\/wp-json\/wp\/v2\/product"}],"about":[{"href":"https:\/\/www.poggio.cc\/fr\/wp-json\/wp\/v2\/types\/product"}],"replies":[{"embeddable":true,"href":"https:\/\/www.poggio.cc\/fr\/wp-json\/wp\/v2\/comments?post=7607"}],"wp:featuredmedia":[{"embeddable":true,"href":"https:\/\/www.poggio.cc\/fr\/wp-json\/wp\/v2\/media\/7628"}],"wp:attachment":[{"href":"https:\/\/www.poggio.cc\/fr\/wp-json\/wp\/v2\/media?parent=7607"}],"wp:term":[{"taxonomy":"product_cat","embeddable":true,"href":"https:\/\/www.poggio.cc\/fr\/wp-json\/wp\/v2\/product_cat?post=7607"},{"taxonomy":"product_tag","embeddable":true,"href":"https:\/\/www.poggio.cc\/fr\/wp-json\/wp\/v2\/product_tag?post=7607"}],"curies":[{"name":"wp","href":"https:\/\/api.w.org\/{rel}","templated":true}]}}