{"id":7696,"date":"2024-07-10T22:16:42","date_gmt":"2024-07-10T20:16:42","guid":{"rendered":"https:\/\/www.poggio.cc\/?post_type=product&#038;p=7696"},"modified":"2025-11-13T15:26:38","modified_gmt":"2025-11-13T14:26:38","slug":"poggio-cuissard-court-aero-gray","status":"publish","type":"product","link":"https:\/\/www.poggio.cc\/fr\/produit\/poggio-cuissard-court-aero-gray\/","title":{"rendered":"Poggio Cuissard Court A\u00e9ro &#8211; Gris"},"content":{"rendered":"<h4>Cuissard cycliste Poggio A\u00e9ro &#8211; \u00a0Gris<\/h4>\n<p>Ultra l\u00e9ger et a\u00e9ro, le cuissard court cycliste A\u00e9ro POGGIO allie \u00e0 la fois l&rsquo;elegance et l&rsquo;efficacit\u00e9, sa ligne pure et ses finitions soign\u00e9es en font un classique incontournable de haute qualit\u00e9.<\/p>\n<h6><em><strong>D\u00e9tails:<\/strong><\/em><\/h6>\n<ul>\n<li>Peau de chamois Elastic Interface<sup>\u00ae<\/sup><\/li>\n<li>Bretelles tr\u00e8s extensibles avec une d\u00e9coupe centrale pour plus de respirabilit\u00e9<\/li>\n<li>Poche dans le dos pour portable et ou cl\u00e9s<\/li>\n<li>d\u00e9coupes au laser pour une finition impeccable<\/li>\n<li>Design classe et \u00e9pur\u00e9<\/li>\n<li>Performance et confort guaranties.<\/li>\n<li>Con\u00e7u en France, fabriqu\u00e9 en Europe<\/li>\n<\/ul>\n<h6><em><strong>Entetien:<\/strong><\/em><\/h6>\n<ul>\n<li>Laver \u00e0 l&rsquo;envers<\/li>\n<li>Lavage en machine \u00e0 30\u00b0C uniquement<\/li>\n<li>Ne pas utiliser d&rsquo;adoucissant<\/li>\n<li>Faire s\u00e9cher \u00e0 l&rsquo;envers<\/li>\n<li>Ne pas s\u00e9cher au s\u00e8che-linge ou proche d&rsquo;un radiateur<\/li>\n<li>Ne pas nettoyer \u00e0 sec<\/li>\n<li>Ne pas repasser<\/li>\n<\/ul>\n<p><img fetchpriority=\"high\" decoding=\"async\" class=\"alignnone size-full wp-image-5308\" src=\"https:\/\/www.poggio.cc\/wp-content\/uploads\/2023\/04\/SIZE-GUIDE-web.jpg\" alt=\"\" width=\"500\" height=\"425\" srcset=\"https:\/\/www.poggio.cc\/wp-content\/uploads\/2023\/04\/SIZE-GUIDE-web.jpg 500w, https:\/\/www.poggio.cc\/wp-content\/uploads\/2023\/04\/SIZE-GUIDE-web-300x255.jpg 300w\" sizes=\"(max-width: 500px) 100vw, 500px\" \/><\/p>\n","protected":false},"excerpt":{"rendered":"<p>Ultra l\u00e9ger et a\u00e9ro, le cuissard court cycliste performance POGGIO allie \u00e0 la fois l&rsquo;elegance et l&rsquo;efficacit\u00e9, sa ligne pure et ses finitions soign\u00e9es en font un classique incontournable de haute qualit\u00e9.<\/p>\n","protected":false},"featured_media":7727,"comment_status":"open","ping_status":"closed","template":"","meta":{"inline_featured_image":false},"product_cat":[86],"product_tag":[],"class_list":{"0":"post-7696","1":"product","2":"type-product","3":"status-publish","4":"has-post-thumbnail","6":"product_cat-cuissards-courts-et-longs","8":"first","9":"instock","10":"taxable","11":"shipping-taxable","12":"purchasable","13":"product-type-variable"},"yoast_head":"<!-- This site is optimized with the Yoast SEO plugin v27.0 - https:\/\/yoast.com\/product\/yoast-seo-wordpress\/ -->\n<title>Poggio Cuissard Court A\u00e9ro - Gris - POGGIO<\/title>\n<meta name=\"robots\" content=\"index, follow, max-snippet:-1, max-image-preview:large, max-video-preview:-1\" \/>\n<link rel=\"canonical\" href=\"https:\/\/www.poggio.cc\/fr\/produit\/poggio-cuissard-court-aero-gray\/\" \/>\n<meta property=\"og:locale\" content=\"fr_FR\" \/>\n<meta property=\"og:type\" content=\"article\" \/>\n<meta property=\"og:title\" content=\"Poggio Cuissard Court A\u00e9ro - Gris - POGGIO\" \/>\n<meta property=\"og:description\" content=\"Ultra l\u00e9ger et a\u00e9ro, le cuissard court cycliste performance POGGIO allie \u00e0 la fois l&#039;elegance et l&#039;efficacit\u00e9, sa ligne pure et ses finitions soign\u00e9es en font un classique incontournable de haute qualit\u00e9.\" \/>\n<meta property=\"og:url\" content=\"https:\/\/www.poggio.cc\/fr\/produit\/poggio-cuissard-court-aero-gray\/\" \/>\n<meta property=\"og:site_name\" content=\"POGGIO\" \/>\n<meta property=\"article:modified_time\" content=\"2025-11-13T14:26:38+00:00\" \/>\n<meta property=\"og:image\" content=\"https:\/\/www.poggio.cc\/wp-content\/uploads\/2024\/07\/gray-front.jpg\" \/>\n\t<meta property=\"og:image:width\" content=\"1919\" \/>\n\t<meta property=\"og:image:height\" content=\"1919\" \/>\n\t<meta property=\"og:image:type\" content=\"image\/jpeg\" \/>\n<meta name=\"twitter:card\" content=\"summary_large_image\" \/>\n<meta name=\"twitter:label1\" content=\"Dur\u00e9e de lecture estim\u00e9e\" \/>\n\t<meta name=\"twitter:data1\" content=\"1 minute\" \/>\n<script type=\"application\/ld+json\" class=\"yoast-schema-graph\">{\"@context\":\"https:\/\/schema.org\",\"@graph\":[{\"@type\":\"WebPage\",\"@id\":\"https:\/\/www.poggio.cc\/fr\/produit\/poggio-cuissard-court-aero-gray\/\",\"url\":\"https:\/\/www.poggio.cc\/fr\/produit\/poggio-cuissard-court-aero-gray\/\",\"name\":\"Poggio Cuissard Court A\u00e9ro - Gris - POGGIO\",\"isPartOf\":{\"@id\":\"https:\/\/www.poggio.cc\/#website\"},\"primaryImageOfPage\":{\"@id\":\"https:\/\/www.poggio.cc\/fr\/produit\/poggio-cuissard-court-aero-gray\/#primaryimage\"},\"image\":{\"@id\":\"https:\/\/www.poggio.cc\/fr\/produit\/poggio-cuissard-court-aero-gray\/#primaryimage\"},\"thumbnailUrl\":\"https:\/\/www.poggio.cc\/wp-content\/uploads\/2024\/07\/gray-front.jpg\",\"datePublished\":\"2024-07-10T20:16:42+00:00\",\"dateModified\":\"2025-11-13T14:26:38+00:00\",\"breadcrumb\":{\"@id\":\"https:\/\/www.poggio.cc\/fr\/produit\/poggio-cuissard-court-aero-gray\/#breadcrumb\"},\"inLanguage\":\"fr-FR\",\"potentialAction\":[{\"@type\":\"ReadAction\",\"target\":[\"https:\/\/www.poggio.cc\/fr\/produit\/poggio-cuissard-court-aero-gray\/\"]}]},{\"@type\":\"ImageObject\",\"inLanguage\":\"fr-FR\",\"@id\":\"https:\/\/www.poggio.cc\/fr\/produit\/poggio-cuissard-court-aero-gray\/#primaryimage\",\"url\":\"https:\/\/www.poggio.cc\/wp-content\/uploads\/2024\/07\/gray-front.jpg\",\"contentUrl\":\"https:\/\/www.poggio.cc\/wp-content\/uploads\/2024\/07\/gray-front.jpg\",\"width\":1919,\"height\":1919},{\"@type\":\"BreadcrumbList\",\"@id\":\"https:\/\/www.poggio.cc\/fr\/produit\/poggio-cuissard-court-aero-gray\/#breadcrumb\",\"itemListElement\":[{\"@type\":\"ListItem\",\"position\":1,\"name\":\"Home\",\"item\":\"https:\/\/www.poggio.cc\/fr\/\"},{\"@type\":\"ListItem\",\"position\":2,\"name\":\"Shop\",\"item\":\"https:\/\/www.poggio.cc\/fr\/shop-2\/\"},{\"@type\":\"ListItem\",\"position\":3,\"name\":\"Poggio Cuissard Court A\u00e9ro &#8211; Gris\"}]},{\"@type\":\"WebSite\",\"@id\":\"https:\/\/www.poggio.cc\/#website\",\"url\":\"https:\/\/www.poggio.cc\/\",\"name\":\"POGGIO\",\"description\":\"Premium Cycling Clothing\",\"publisher\":{\"@id\":\"https:\/\/www.poggio.cc\/#organization\"},\"potentialAction\":[{\"@type\":\"SearchAction\",\"target\":{\"@type\":\"EntryPoint\",\"urlTemplate\":\"https:\/\/www.poggio.cc\/?s={search_term_string}\"},\"query-input\":{\"@type\":\"PropertyValueSpecification\",\"valueRequired\":true,\"valueName\":\"search_term_string\"}}],\"inLanguage\":\"fr-FR\"},{\"@type\":\"Organization\",\"@id\":\"https:\/\/www.poggio.cc\/#organization\",\"name\":\"POGGIO\",\"url\":\"https:\/\/www.poggio.cc\/\",\"logo\":{\"@type\":\"ImageObject\",\"inLanguage\":\"fr-FR\",\"@id\":\"https:\/\/www.poggio.cc\/#\/schema\/logo\/image\/\",\"url\":\"https:\/\/www.poggio.cc\/wp-content\/uploads\/2021\/12\/POGGIO-LOGO.svg\",\"contentUrl\":\"https:\/\/www.poggio.cc\/wp-content\/uploads\/2021\/12\/POGGIO-LOGO.svg\",\"width\":561,\"height\":115,\"caption\":\"POGGIO\"},\"image\":{\"@id\":\"https:\/\/www.poggio.cc\/#\/schema\/logo\/image\/\"}}]}<\/script>\n<!-- \/ Yoast SEO plugin. -->","yoast_head_json":{"title":"Poggio Cuissard Court A\u00e9ro - Gris - POGGIO","robots":{"index":"index","follow":"follow","max-snippet":"max-snippet:-1","max-image-preview":"max-image-preview:large","max-video-preview":"max-video-preview:-1"},"canonical":"https:\/\/www.poggio.cc\/fr\/produit\/poggio-cuissard-court-aero-gray\/","og_locale":"fr_FR","og_type":"article","og_title":"Poggio Cuissard Court A\u00e9ro - Gris - POGGIO","og_description":"Ultra l\u00e9ger et a\u00e9ro, le cuissard court cycliste performance POGGIO allie \u00e0 la fois l'elegance et l'efficacit\u00e9, sa ligne pure et ses finitions soign\u00e9es en font un classique incontournable de haute qualit\u00e9.","og_url":"https:\/\/www.poggio.cc\/fr\/produit\/poggio-cuissard-court-aero-gray\/","og_site_name":"POGGIO","article_modified_time":"2025-11-13T14:26:38+00:00","og_image":[{"width":1919,"height":1919,"url":"https:\/\/www.poggio.cc\/wp-content\/uploads\/2024\/07\/gray-front.jpg","type":"image\/jpeg"}],"twitter_card":"summary_large_image","twitter_misc":{"Dur\u00e9e de lecture estim\u00e9e":"1 minute"},"schema":{"@context":"https:\/\/schema.org","@graph":[{"@type":"WebPage","@id":"https:\/\/www.poggio.cc\/fr\/produit\/poggio-cuissard-court-aero-gray\/","url":"https:\/\/www.poggio.cc\/fr\/produit\/poggio-cuissard-court-aero-gray\/","name":"Poggio Cuissard Court A\u00e9ro - Gris - POGGIO","isPartOf":{"@id":"https:\/\/www.poggio.cc\/#website"},"primaryImageOfPage":{"@id":"https:\/\/www.poggio.cc\/fr\/produit\/poggio-cuissard-court-aero-gray\/#primaryimage"},"image":{"@id":"https:\/\/www.poggio.cc\/fr\/produit\/poggio-cuissard-court-aero-gray\/#primaryimage"},"thumbnailUrl":"https:\/\/www.poggio.cc\/wp-content\/uploads\/2024\/07\/gray-front.jpg","datePublished":"2024-07-10T20:16:42+00:00","dateModified":"2025-11-13T14:26:38+00:00","breadcrumb":{"@id":"https:\/\/www.poggio.cc\/fr\/produit\/poggio-cuissard-court-aero-gray\/#breadcrumb"},"inLanguage":"fr-FR","potentialAction":[{"@type":"ReadAction","target":["https:\/\/www.poggio.cc\/fr\/produit\/poggio-cuissard-court-aero-gray\/"]}]},{"@type":"ImageObject","inLanguage":"fr-FR","@id":"https:\/\/www.poggio.cc\/fr\/produit\/poggio-cuissard-court-aero-gray\/#primaryimage","url":"https:\/\/www.poggio.cc\/wp-content\/uploads\/2024\/07\/gray-front.jpg","contentUrl":"https:\/\/www.poggio.cc\/wp-content\/uploads\/2024\/07\/gray-front.jpg","width":1919,"height":1919},{"@type":"BreadcrumbList","@id":"https:\/\/www.poggio.cc\/fr\/produit\/poggio-cuissard-court-aero-gray\/#breadcrumb","itemListElement":[{"@type":"ListItem","position":1,"name":"Home","item":"https:\/\/www.poggio.cc\/fr\/"},{"@type":"ListItem","position":2,"name":"Shop","item":"https:\/\/www.poggio.cc\/fr\/shop-2\/"},{"@type":"ListItem","position":3,"name":"Poggio Cuissard Court A\u00e9ro &#8211; Gris"}]},{"@type":"WebSite","@id":"https:\/\/www.poggio.cc\/#website","url":"https:\/\/www.poggio.cc\/","name":"POGGIO","description":"Premium Cycling Clothing","publisher":{"@id":"https:\/\/www.poggio.cc\/#organization"},"potentialAction":[{"@type":"SearchAction","target":{"@type":"EntryPoint","urlTemplate":"https:\/\/www.poggio.cc\/?s={search_term_string}"},"query-input":{"@type":"PropertyValueSpecification","valueRequired":true,"valueName":"search_term_string"}}],"inLanguage":"fr-FR"},{"@type":"Organization","@id":"https:\/\/www.poggio.cc\/#organization","name":"POGGIO","url":"https:\/\/www.poggio.cc\/","logo":{"@type":"ImageObject","inLanguage":"fr-FR","@id":"https:\/\/www.poggio.cc\/#\/schema\/logo\/image\/","url":"https:\/\/www.poggio.cc\/wp-content\/uploads\/2021\/12\/POGGIO-LOGO.svg","contentUrl":"https:\/\/www.poggio.cc\/wp-content\/uploads\/2021\/12\/POGGIO-LOGO.svg","width":561,"height":115,"caption":"POGGIO"},"image":{"@id":"https:\/\/www.poggio.cc\/#\/schema\/logo\/image\/"}}]}},"jetpack_sharing_enabled":true,"_links":{"self":[{"href":"https:\/\/www.poggio.cc\/fr\/wp-json\/wp\/v2\/product\/7696","targetHints":{"allow":["GET"]}}],"collection":[{"href":"https:\/\/www.poggio.cc\/fr\/wp-json\/wp\/v2\/product"}],"about":[{"href":"https:\/\/www.poggio.cc\/fr\/wp-json\/wp\/v2\/types\/product"}],"replies":[{"embeddable":true,"href":"https:\/\/www.poggio.cc\/fr\/wp-json\/wp\/v2\/comments?post=7696"}],"wp:featuredmedia":[{"embeddable":true,"href":"https:\/\/www.poggio.cc\/fr\/wp-json\/wp\/v2\/media\/7727"}],"wp:attachment":[{"href":"https:\/\/www.poggio.cc\/fr\/wp-json\/wp\/v2\/media?parent=7696"}],"wp:term":[{"taxonomy":"product_cat","embeddable":true,"href":"https:\/\/www.poggio.cc\/fr\/wp-json\/wp\/v2\/product_cat?post=7696"},{"taxonomy":"product_tag","embeddable":true,"href":"https:\/\/www.poggio.cc\/fr\/wp-json\/wp\/v2\/product_tag?post=7696"}],"curies":[{"name":"wp","href":"https:\/\/api.w.org\/{rel}","templated":true}]}}